{"id":191,"date":"2024-05-11T07:19:51","date_gmt":"2024-05-11T07:19:51","guid":{"rendered":"https:\/\/brotfarm.de\/?page_id=191"},"modified":"2024-06-07T14:28:18","modified_gmt":"2024-06-07T14:28:18","slug":"2-2","status":"publish","type":"page","link":"https:\/\/brotfarm.de\/?page_id=191","title":{"rendered":"Was mit Buttermilch!"},"content":{"rendered":"\n<p class=\"has-normal-font-size\">Muss ja nicht immer Bier sein &#8211; geht auch mit Buttermilch! Das klingt viel ges\u00fcnder, schmeckt super und der Postbote schaut auch nicht mehr so streng\u2026<br><br>&#8230;sucht euch wieder einen Messbecher oder ein anderes Beh\u00e4ltnis und gebt gleich mal 500 ml Buttermilch hinein. Da die Milch meistens aus dem K\u00fchlschrank kommt, stell ich das Ganze meist nochmal kurz in die Mikrowelle. Handwarm ist optimal, dann l\u00f6sen sich die weiteren Zutaten besser auf.<br><br>Denn jetzt kommen hinein:<br><br><strong>&#8211; 1\/2 P\u00e4ckchen frische Hefe<br>&#8211; 2 Tl Salz<br>&#8211; ca. 40 ml Oliven\u00f6l<br>&#8211; 1 Tl Honig oder Zucker<\/strong><br><br>Dann alles so vermengen bis sich die Zutaten gut aufgel\u00f6st haben.<br><br>Die staubigen und k\u00f6rnigen Sachen setzen sich wie folgt zusammen:<br><br><strong>&#8211; 300 g Dinkelmehl Typ 630<br>&#8211; 450 g Dinkelmehl Typ 1050<br>&#8211; ca. 75 g Leinsamenkerne<br>&#8211; ca. 75 g Sonnenblumenkerne<\/strong><\/p>\n\n\n\n<p><br><em>(Hier k\u00f6nnt ihr auch mit anderen Mehlsorten und K\u00f6rnern experimentiere!)<\/em><br><br>Noch einen Teel\u00f6ffel Backmalz dazu und alles gut vermengen bevor dann die vorhin vorbereitete Buttermilchmischung dazu kommt!<br><br>Der Teig wird ziemlich fest und kann nach dem Kneten erst mal etwa 60 Minuten ausruhen und gehen.<br><br>Anschlie\u00dfend mit ausreichend Mehl nochmal gut kneten, in Form bringen und mit dem Schluss nach unten in eine vorher gefettete Glasform mit Deckel geben.<\/p>\n\n\n<style>.kb-image191_509427-6f .kb-image-has-overlay:after{opacity:0.3;}<\/style>\n<div class=\"wp-block-kadence-image kb-image191_509427-6f\"><figure class=\"aligncenter size-full\"><img loading=\"lazy\" decoding=\"async\" width=\"400\" height=\"300\" src=\"https:\/\/brotfarm.de\/wp-content\/uploads\/2024\/06\/geformter-Teig.jpg\" alt=\"\" class=\"kb-img wp-image-879\" srcset=\"https:\/\/brotfarm.de\/wp-content\/uploads\/2024\/06\/geformter-Teig.jpg 400w, https:\/\/brotfarm.de\/wp-content\/uploads\/2024\/06\/geformter-Teig-300x225.jpg 300w\" sizes=\"auto, (max-width: 400px) 100vw, 400px\" \/><figcaption>Nach dem Gehen in &#8222;Form&#8220; gebracht<\/figcaption><\/figure><\/div>\n\n\n\n<p>Das wars schon wieder, denn jetzt bepr\u00fche ich den Teig nochmal kurz mit Wasser, best\u00e4ube ihn mit Mehl und schneide die Oberfl\u00e4che rautenf\u00f6rmig ein. Deckel drauf und ab in den kalten Backofen&#8230;<\/p>\n\n\n<div class=\"wp-block-image\">\n<figure class=\"aligncenter size-full\"><img loading=\"lazy\" decoding=\"async\" width=\"400\" height=\"300\" src=\"https:\/\/brotfarm.de\/wp-content\/uploads\/2024\/06\/Mit-Deckel.jpg\" alt=\"\" class=\"wp-image-876\" srcset=\"https:\/\/brotfarm.de\/wp-content\/uploads\/2024\/06\/Mit-Deckel.jpg 400w, https:\/\/brotfarm.de\/wp-content\/uploads\/2024\/06\/Mit-Deckel-300x225.jpg 300w\" sizes=\"auto, (max-width: 400px) 100vw, 400px\" \/><figcaption class=\"wp-element-caption\">Teig in gefetteter Glasform &#8211; eingeschnitten<\/figcaption><\/figure>\n<\/div>\n\n\n<p>&#8230;240 Grad Ober-\/Unterhitze einstellen und ca. 60 Minuten backen. Etwa 10 Minuten vor Ende der Backzeit den Deckel abnehmen &#8211; ich schubs das Brot sogar komplett aus der Form und lege es nochmal direkt im Ofen auf das Gitterrost. Hier solltet ihr allerdings Blickkontakt halten &#8211; k\u00f6nnte sonst zu dunkel werden.<\/p>\n\n\n<div class=\"wp-block-image\">\n<figure class=\"aligncenter size-full\"><img loading=\"lazy\" decoding=\"async\" width=\"400\" height=\"300\" src=\"https:\/\/brotfarm.de\/wp-content\/uploads\/2024\/06\/Ohne-Form.jpg\" alt=\"\" class=\"wp-image-877\" srcset=\"https:\/\/brotfarm.de\/wp-content\/uploads\/2024\/06\/Ohne-Form.jpg 400w, https:\/\/brotfarm.de\/wp-content\/uploads\/2024\/06\/Ohne-Form-300x225.jpg 300w\" sizes=\"auto, (max-width: 400px) 100vw, 400px\" \/><figcaption class=\"wp-element-caption\">Nochmal im Ofen &#8211; ohne Glasform<\/figcaption><\/figure>\n<\/div>\n\n\n<p><br>Abschlie\u00dfend das fertige Brot auf einem weiteren Gitterrost au\u00dferhalb des Ofens ablegen, nochmal mit etwas Wasser bespr\u00fchen und mit einem Tuch bedeckt abk\u00fchlen lassen.<\/p>\n\n\n<div class=\"wp-block-image\">\n<figure class=\"aligncenter size-full\"><img loading=\"lazy\" decoding=\"async\" width=\"400\" height=\"300\" src=\"https:\/\/brotfarm.de\/wp-content\/uploads\/2024\/06\/Fertiges-Brot-1.jpg\" alt=\"\" class=\"wp-image-878\" srcset=\"https:\/\/brotfarm.de\/wp-content\/uploads\/2024\/06\/Fertiges-Brot-1.jpg 400w, https:\/\/brotfarm.de\/wp-content\/uploads\/2024\/06\/Fertiges-Brot-1-300x225.jpg 300w\" sizes=\"auto, (max-width: 400px) 100vw, 400px\" \/><figcaption class=\"wp-element-caption\">Fertiges Brot&#8230;<\/figcaption><\/figure>\n<\/div>\n\n\n<p><strong>Fertig\u2026.mmmhh &#8211; lecker!<\/strong><\/p>\n\n\n<style>.kb-image191_2e3431-eb .kb-image-has-overlay:after{opacity:0.3;}<\/style>\n<div class=\"wp-block-kadence-image kb-image191_2e3431-eb\"><figure class=\"aligncenter size-full\"><a href=\"https:\/\/brotfarm.de\/?page_id=179\" class=\"kb-advanced-image-link\"><img loading=\"lazy\" decoding=\"async\" width=\"140\" height=\"100\" src=\"https:\/\/brotfarm.de\/wp-content\/uploads\/2024\/05\/Muetze-e1715334323522.jpg\" alt=\"\" class=\"kb-img wp-image-25\"\/><\/a><\/figure><\/div>\n","protected":false},"excerpt":{"rendered":"<p>Muss ja nicht immer Bier sein &#8211; geht auch mit Buttermilch! Das klingt viel ges\u00fcnder, schmeckt super und der Postbote schaut auch nicht mehr so streng\u2026 &#8230;sucht euch wieder einen Messbecher oder ein anderes Beh\u00e4ltnis und gebt gleich mal 500 ml Buttermilch hinein. Da die Milch meistens aus dem K\u00fchlschrank kommt, stell ich das Ganze [&hellip;]<\/p>\n","protected":false},"author":1,"featured_media":0,"parent":0,"menu_order":0,"comment_status":"closed","ping_status":"closed","template":"","meta":{"ngg_post_thumbnail":0,"footnotes":""},"class_list":["post-191","page","type-page","status-publish","hentry"],"_links":{"self":[{"href":"https:\/\/brotfarm.de\/index.php?rest_route=\/wp\/v2\/pages\/191","targetHints":{"allow":["GET"]}}],"collection":[{"href":"https:\/\/brotfarm.de\/index.php?rest_route=\/wp\/v2\/pages"}],"about":[{"href":"https:\/\/brotfarm.de\/index.php?rest_route=\/wp\/v2\/types\/page"}],"author":[{"embeddable":true,"href":"https:\/\/brotfarm.de\/index.php?rest_route=\/wp\/v2\/users\/1"}],"replies":[{"embeddable":true,"href":"https:\/\/brotfarm.de\/index.php?rest_route=%2Fwp%2Fv2%2Fcomments&post=191"}],"version-history":[{"count":6,"href":"https:\/\/brotfarm.de\/index.php?rest_route=\/wp\/v2\/pages\/191\/revisions"}],"predecessor-version":[{"id":883,"href":"https:\/\/brotfarm.de\/index.php?rest_route=\/wp\/v2\/pages\/191\/revisions\/883"}],"wp:attachment":[{"href":"https:\/\/brotfarm.de\/index.php?rest_route=%2Fwp%2Fv2%2Fmedia&parent=191"}],"curies":[{"name":"wp","href":"https:\/\/api.w.org\/{rel}","templated":true}]}}