{"id":435,"date":"2024-06-01T09:38:47","date_gmt":"2024-06-01T09:38:47","guid":{"rendered":"https:\/\/brotfarm.de\/?page_id=435"},"modified":"2024-06-08T14:07:10","modified_gmt":"2024-06-08T14:07:10","slug":"19-2","status":"publish","type":"page","link":"https:\/\/brotfarm.de\/?page_id=435","title":{"rendered":"Milchreisbrot &#8211; Jaha, ihr lest das wirklich!"},"content":{"rendered":"\n<p class=\"has-text-align-center\"><em><strong>Mit einem Schuss Nostalgie und im Andenken an Rudolf&#8230;!<\/strong><\/em><\/p>\n\n\n<style>.kb-image435_4b00f7-35 .kb-image-has-overlay:after{opacity:0.3;}<\/style>\n<div class=\"wp-block-kadence-image kb-image435_4b00f7-35\"><figure class=\"aligncenter size-full\"><img loading=\"lazy\" decoding=\"async\" width=\"400\" height=\"213\" src=\"https:\/\/brotfarm.de\/wp-content\/uploads\/2024\/06\/Erklaerung.jpg\" alt=\"\" class=\"kb-img wp-image-973\" srcset=\"https:\/\/brotfarm.de\/wp-content\/uploads\/2024\/06\/Erklaerung.jpg 400w, https:\/\/brotfarm.de\/wp-content\/uploads\/2024\/06\/Erklaerung-300x160.jpg 300w\" sizes=\"auto, (max-width: 400px) 100vw, 400px\" \/><\/figure><\/div>\n\n\n\n<p class=\"has-text-align-center\"><em>Aus einem sehr alten Backbuch&#8230;<\/em><\/p>\n\n\n\n<h2 class=\"wp-block-heading\"><strong>Zutaten<\/strong> <strong>Milchreisbrot<\/strong><\/h2>\n\n\n\n<ul class=\"wp-block-list\">\n<li><strong>1\/2 l&nbsp;Milch<\/strong><\/li>\n<\/ul>\n\n\n\n<ul class=\"wp-block-list\">\n<li><strong>125 g&nbsp;Milchreis +&nbsp;1 Prise&nbsp;Salz zum Kochen<\/strong><\/li>\n<\/ul>\n\n\n\n<ul class=\"wp-block-list\">\n<li><strong>1 Block&nbsp;frische Hefe<\/strong><\/li>\n<\/ul>\n\n\n\n<ul class=\"wp-block-list\">\n<li><strong>10 g&nbsp;Zuckerr\u00fcbensirup oder Honig &#8211; oder einfach nur Zucker<\/strong><\/li>\n<\/ul>\n\n\n\n<ul class=\"wp-block-list\">\n<li><strong>500 g&nbsp;Dinkelmehl Typ&nbsp;630er&nbsp;oder Weizenmehl Typ&nbsp;550er<\/strong><\/li>\n<\/ul>\n\n\n\n<ul class=\"wp-block-list\">\n<li><strong>1 1\/2 TL&nbsp;Salz (ca. 15 g)<\/strong><\/li>\n<\/ul>\n\n\n\n<ul class=\"wp-block-list\">\n<li><strong>1 TL&nbsp;Zucker<\/strong><\/li>\n<\/ul>\n\n\n\n<ul class=\"wp-block-list\">\n<li><strong>150 ml&nbsp;lauwarmes Wasser<\/strong><\/li>\n<\/ul>\n\n\n\n<p class=\"has-text-align-center\"><em><strong>(Ausnahmsweise bleibt heute mal das K\u00f6rnerged\u00f6ns weg!)<\/strong><\/em><\/p>\n\n\n\n<h2 class=\"wp-block-heading\"><strong>Zubereitung Milchreisbrot<\/strong><\/h2>\n\n\n\n<p>Das ist sowas von easy&#8230;<\/p>\n\n\n\n<p>&#8230;erstmal kochen wir 125 g Milchreis nach Packungsanweisung in 1\/2 Liter Milch mit einer Prise Salz &#8211; das dauert am l\u00e4ngsten, da der Brei eine halbe Stunde k\u00f6cheln und danach auch noch abk\u00fchlen muss:<\/p>\n\n\n<style>.wp-block-kadence-advancedgallery .kb-gallery-type-masonry.kb-gallery-id-435_636bc1-8b{margin:-5px;}.kb-gallery-type-masonry.kb-gallery-id-435_636bc1-8b .kadence-blocks-gallery-item{padding:5px;}.kb-gallery-id-435_636bc1-8b .kadence-blocks-gallery-item .kb-gal-image-radius, .kb-gallery-id-435_636bc1-8b .kb-slide-item .kb-gal-image-radius img{border-radius:0px 0px 0px 0px;;}.kb-gallery-caption-style-bottom.kb-gallery-id-435_636bc1-8b .kadence-blocks-gallery-item .kadence-blocks-gallery-item-inner .kadence-blocks-gallery-item__caption, .kb-gallery-caption-style-bottom-hover.kb-gallery-id-435_636bc1-8b .kadence-blocks-gallery-item .kadence-blocks-gallery-item-inner .kadence-blocks-gallery-item__caption{background:linear-gradient(0deg, rgba(0, 0, 0, 0.8) 0, rgba(0, 0, 0, 0) 100%);}<\/style><div class=\"kb-gallery-wrap-id-435_636bc1-8b alignnone wp-block-kadence-advancedgallery\"><ul class=\"kb-gallery-ul kb-gallery-non-static kb-gallery-type-masonry kb-masonry-init kb-mobile-force-hover kb-gallery-id-435_636bc1-8b kb-gallery-caption-style-bottom-hover kb-gallery-filter-none\" data-image-filter=\"none\" data-item-selector=\".kadence-blocks-gallery-item\" data-lightbox-caption=\"true\" data-columns-xxl=\"3\" data-columns-xl=\"3\" data-columns-md=\"3\" data-columns-sm=\"2\" data-columns-xs=\"1\" data-columns-ss=\"1\"><li class=\"kadence-blocks-gallery-item\" tabindex=\"0\"><div class=\"kadence-blocks-gallery-item-inner\"><figure class=\"kb-gallery-figure kadence-blocks-gallery-item-has-caption\"><div class=\"kb-gal-image-radius\" style=\"max-width:400px;\"><div class=\"kb-gallery-image-contain kadence-blocks-gallery-intrinsic\" style=\"padding-bottom:75%;\"><img loading=\"lazy\" decoding=\"async\" src=\"https:\/\/brotfarm.de\/wp-content\/uploads\/2024\/06\/image-25.png\" width=\"400\" height=\"300\" alt=\"\" data-full-image=\"https:\/\/brotfarm.de\/wp-content\/uploads\/2024\/06\/image-25.png\" data-light-image=\"https:\/\/brotfarm.de\/wp-content\/uploads\/2024\/06\/image-25.png\" data-id=\"499\" class=\"wp-image-499\" srcset=\"https:\/\/brotfarm.de\/wp-content\/uploads\/2024\/06\/image-25.png 400w, https:\/\/brotfarm.de\/wp-content\/uploads\/2024\/06\/image-25-300x225.png 300w\" sizes=\"auto, (max-width: 400px) 100vw, 400px\" \/><\/div><div class=\"kadence-blocks-gallery-item__caption\">Wir kochen Milchreis&#8230;<\/div><\/div><\/figure><\/div><\/li><li class=\"kadence-blocks-gallery-item\" tabindex=\"0\"><div class=\"kadence-blocks-gallery-item-inner\"><figure class=\"kb-gallery-figure kadence-blocks-gallery-item-has-caption\"><div class=\"kb-gal-image-radius\" style=\"max-width:400px;\"><div class=\"kb-gallery-image-contain kadence-blocks-gallery-intrinsic\" style=\"padding-bottom:75%;\"><img loading=\"lazy\" decoding=\"async\" src=\"https:\/\/brotfarm.de\/wp-content\/uploads\/2024\/06\/image-26.png\" width=\"400\" height=\"300\" alt=\"\" data-full-image=\"https:\/\/brotfarm.de\/wp-content\/uploads\/2024\/06\/image-26.png\" data-light-image=\"https:\/\/brotfarm.de\/wp-content\/uploads\/2024\/06\/image-26.png\" data-id=\"500\" class=\"wp-image-500\" srcset=\"https:\/\/brotfarm.de\/wp-content\/uploads\/2024\/06\/image-26.png 400w, https:\/\/brotfarm.de\/wp-content\/uploads\/2024\/06\/image-26-300x225.png 300w\" sizes=\"auto, (max-width: 400px) 100vw, 400px\" \/><\/div><div class=\"kadence-blocks-gallery-item__caption\">Nach einer halben Stunde&#8230;<\/div><\/div><\/figure><\/div><\/li><li class=\"kadence-blocks-gallery-item\" tabindex=\"0\"><div class=\"kadence-blocks-gallery-item-inner\"><figure class=\"kb-gallery-figure kadence-blocks-gallery-item-has-caption\"><div class=\"kb-gal-image-radius\" style=\"max-width:400px;\"><div class=\"kb-gallery-image-contain kadence-blocks-gallery-intrinsic\" style=\"padding-bottom:75%;\"><img loading=\"lazy\" decoding=\"async\" src=\"https:\/\/brotfarm.de\/wp-content\/uploads\/2024\/06\/image-27.png\" width=\"400\" height=\"300\" alt=\"\" data-full-image=\"https:\/\/brotfarm.de\/wp-content\/uploads\/2024\/06\/image-27.png\" data-light-image=\"https:\/\/brotfarm.de\/wp-content\/uploads\/2024\/06\/image-27.png\" data-id=\"501\" class=\"wp-image-501\" srcset=\"https:\/\/brotfarm.de\/wp-content\/uploads\/2024\/06\/image-27.png 400w, https:\/\/brotfarm.de\/wp-content\/uploads\/2024\/06\/image-27-300x225.png 300w\" sizes=\"auto, (max-width: 400px) 100vw, 400px\" \/><\/div><div class=\"kadence-blocks-gallery-item__caption\">Zum Abk\u00fchlen in der Fensterbank&#8230;<\/div><\/div><\/figure><\/div><\/li><\/ul><\/div>\n\n\n<p><\/p>\n\n\n\n<p><strong>W\u00e4hrend das Zeug abk\u00fchlt k\u00f6nnt ihr schon mal den Rest vorbereiten:<\/strong><\/p>\n\n\n\n<ul class=\"wp-block-list\">\n<li>Mehl abwiegen und in die R\u00fchrsch\u00fcssel geben<\/li>\n\n\n\n<li>Zucker, Salz und Hefe im lauwarmen Wasser (ca. 150 ml) aufr\u00fchren<\/li>\n<\/ul>\n\n\n\n<p><strong>Anschlie\u00dfend k\u00f6nnen alle Zutaten bereitgestellt und zu einem geschmeidigen Teig geknetet werden:<\/strong><\/p>\n\n\n<style>.wp-block-kadence-advancedgallery .kb-gallery-type-masonry.kb-gallery-id-435_b659fd-4c{margin:-5px;}.kb-gallery-type-masonry.kb-gallery-id-435_b659fd-4c .kadence-blocks-gallery-item{padding:5px;}.kb-gallery-id-435_b659fd-4c .kadence-blocks-gallery-item .kb-gal-image-radius, .kb-gallery-id-435_b659fd-4c .kb-slide-item .kb-gal-image-radius img{border-radius:0px 0px 0px 0px;;}.kb-gallery-caption-style-bottom.kb-gallery-id-435_b659fd-4c .kadence-blocks-gallery-item .kadence-blocks-gallery-item-inner .kadence-blocks-gallery-item__caption, .kb-gallery-caption-style-bottom-hover.kb-gallery-id-435_b659fd-4c .kadence-blocks-gallery-item .kadence-blocks-gallery-item-inner .kadence-blocks-gallery-item__caption{background:linear-gradient(0deg, rgba(0, 0, 0, 0.8) 0, rgba(0, 0, 0, 0) 100%);}<\/style><div class=\"kb-gallery-wrap-id-435_b659fd-4c alignnone wp-block-kadence-advancedgallery\"><ul class=\"kb-gallery-ul kb-gallery-non-static kb-gallery-type-masonry kb-masonry-init kb-mobile-force-hover kb-gallery-id-435_b659fd-4c kb-gallery-caption-style-bottom-hover kb-gallery-filter-none\" data-image-filter=\"none\" data-item-selector=\".kadence-blocks-gallery-item\" data-lightbox-caption=\"true\" data-columns-xxl=\"2\" data-columns-xl=\"2\" data-columns-md=\"2\" data-columns-sm=\"2\" data-columns-xs=\"1\" data-columns-ss=\"1\"><li class=\"kadence-blocks-gallery-item\" tabindex=\"0\"><div class=\"kadence-blocks-gallery-item-inner\"><figure class=\"kb-gallery-figure kadence-blocks-gallery-item-has-caption\"><div class=\"kb-gal-image-radius\" style=\"max-width:400px;\"><div class=\"kb-gallery-image-contain kadence-blocks-gallery-intrinsic\" style=\"padding-bottom:75%;\"><img loading=\"lazy\" decoding=\"async\" src=\"https:\/\/brotfarm.de\/wp-content\/uploads\/2024\/06\/image-28.png\" width=\"400\" height=\"300\" alt=\"\" data-full-image=\"https:\/\/brotfarm.de\/wp-content\/uploads\/2024\/06\/image-28.png\" data-light-image=\"https:\/\/brotfarm.de\/wp-content\/uploads\/2024\/06\/image-28.png\" data-id=\"502\" class=\"wp-image-502\" srcset=\"https:\/\/brotfarm.de\/wp-content\/uploads\/2024\/06\/image-28.png 400w, https:\/\/brotfarm.de\/wp-content\/uploads\/2024\/06\/image-28-300x225.png 300w\" sizes=\"auto, (max-width: 400px) 100vw, 400px\" \/><\/div><div class=\"kadence-blocks-gallery-item__caption\">Ready for rumble&#8230;<\/div><\/div><\/figure><\/div><\/li><li class=\"kadence-blocks-gallery-item\" tabindex=\"0\"><div class=\"kadence-blocks-gallery-item-inner\"><figure class=\"kb-gallery-figure kadence-blocks-gallery-item-has-caption\"><div class=\"kb-gal-image-radius\" style=\"max-width:400px;\"><div class=\"kb-gallery-image-contain kadence-blocks-gallery-intrinsic\" style=\"padding-bottom:75%;\"><img loading=\"lazy\" decoding=\"async\" src=\"https:\/\/brotfarm.de\/wp-content\/uploads\/2024\/06\/image-29.png\" width=\"400\" height=\"300\" alt=\"\" data-full-image=\"https:\/\/brotfarm.de\/wp-content\/uploads\/2024\/06\/image-29.png\" data-light-image=\"https:\/\/brotfarm.de\/wp-content\/uploads\/2024\/06\/image-29.png\" data-id=\"503\" class=\"wp-image-503\" srcset=\"https:\/\/brotfarm.de\/wp-content\/uploads\/2024\/06\/image-29.png 400w, https:\/\/brotfarm.de\/wp-content\/uploads\/2024\/06\/image-29-300x225.png 300w\" sizes=\"auto, (max-width: 400px) 100vw, 400px\" \/><\/div><div class=\"kadence-blocks-gallery-item__caption\">Fertig zum Gehen lassen&#8230;<\/div><\/div><\/figure><\/div><\/li><\/ul><\/div>\n\n\n<p><strong>Jetzt noch etwa 30 Minuten an einem warmen Ort gehen lassen, nochmal mit der Hand durchkneten, oval oder rund formen und dann in eine gefettete oder ge\u00f6lte feuerfeste Form mit Deckel legen:<\/strong><\/p>\n\n\n<style>.wp-block-kadence-advancedgallery .kb-gallery-type-masonry.kb-gallery-id-435_f00aba-39{margin:-5px;}.kb-gallery-type-masonry.kb-gallery-id-435_f00aba-39 .kadence-blocks-gallery-item{padding:5px;}.kb-gallery-id-435_f00aba-39 .kadence-blocks-gallery-item .kb-gal-image-radius, .kb-gallery-id-435_f00aba-39 .kb-slide-item .kb-gal-image-radius img{border-radius:0px 0px 0px 0px;;}.kb-gallery-caption-style-bottom.kb-gallery-id-435_f00aba-39 .kadence-blocks-gallery-item .kadence-blocks-gallery-item-inner .kadence-blocks-gallery-item__caption, .kb-gallery-caption-style-bottom-hover.kb-gallery-id-435_f00aba-39 .kadence-blocks-gallery-item .kadence-blocks-gallery-item-inner .kadence-blocks-gallery-item__caption{background:linear-gradient(0deg, rgba(0, 0, 0, 0.8) 0, rgba(0, 0, 0, 0) 100%);}<\/style><div class=\"kb-gallery-wrap-id-435_f00aba-39 alignnone wp-block-kadence-advancedgallery\"><ul class=\"kb-gallery-ul kb-gallery-non-static kb-gallery-type-masonry kb-masonry-init kb-mobile-force-hover kb-gallery-id-435_f00aba-39 kb-gallery-caption-style-bottom-hover kb-gallery-filter-none\" data-image-filter=\"none\" data-item-selector=\".kadence-blocks-gallery-item\" data-lightbox-caption=\"true\" data-columns-xxl=\"2\" data-columns-xl=\"2\" data-columns-md=\"2\" data-columns-sm=\"2\" data-columns-xs=\"1\" data-columns-ss=\"1\"><li class=\"kadence-blocks-gallery-item\" tabindex=\"0\"><div class=\"kadence-blocks-gallery-item-inner\"><figure class=\"kb-gallery-figure kadence-blocks-gallery-item-has-caption\"><div class=\"kb-gal-image-radius\" style=\"max-width:400px;\"><div class=\"kb-gallery-image-contain kadence-blocks-gallery-intrinsic\" style=\"padding-bottom:75%;\"><img loading=\"lazy\" decoding=\"async\" src=\"https:\/\/brotfarm.de\/wp-content\/uploads\/2024\/06\/image-30.png\" width=\"400\" height=\"300\" alt=\"\" data-full-image=\"https:\/\/brotfarm.de\/wp-content\/uploads\/2024\/06\/image-30.png\" data-light-image=\"https:\/\/brotfarm.de\/wp-content\/uploads\/2024\/06\/image-30.png\" data-id=\"504\" class=\"wp-image-504\" srcset=\"https:\/\/brotfarm.de\/wp-content\/uploads\/2024\/06\/image-30.png 400w, https:\/\/brotfarm.de\/wp-content\/uploads\/2024\/06\/image-30-300x225.png 300w\" sizes=\"auto, (max-width: 400px) 100vw, 400px\" \/><\/div><div class=\"kadence-blocks-gallery-item__caption\">Nach dem Gehen&#8230;<\/div><\/div><\/figure><\/div><\/li><li class=\"kadence-blocks-gallery-item\" tabindex=\"0\"><div class=\"kadence-blocks-gallery-item-inner\"><figure class=\"kb-gallery-figure kadence-blocks-gallery-item-has-caption\"><div class=\"kb-gal-image-radius\" style=\"max-width:400px;\"><div class=\"kb-gallery-image-contain kadence-blocks-gallery-intrinsic\" style=\"padding-bottom:75%;\"><img loading=\"lazy\" decoding=\"async\" src=\"https:\/\/brotfarm.de\/wp-content\/uploads\/2024\/06\/image-31.png\" width=\"400\" height=\"300\" alt=\"\" data-full-image=\"https:\/\/brotfarm.de\/wp-content\/uploads\/2024\/06\/image-31.png\" data-light-image=\"https:\/\/brotfarm.de\/wp-content\/uploads\/2024\/06\/image-31.png\" data-id=\"505\" class=\"wp-image-505\" srcset=\"https:\/\/brotfarm.de\/wp-content\/uploads\/2024\/06\/image-31.png 400w, https:\/\/brotfarm.de\/wp-content\/uploads\/2024\/06\/image-31-300x225.png 300w\" sizes=\"auto, (max-width: 400px) 100vw, 400px\" \/><\/div><div class=\"kadence-blocks-gallery-item__caption\">Vor dem Backen&#8230;<\/div><\/div><\/figure><\/div><\/li><\/ul><\/div>\n\n\n<p><strong>&nbsp;Ein wenig fantasievoll einschneiden &#8211; Deckel drauf und ab in den kalten Backofen!<\/strong><\/p>\n\n\n\n<p>Den Backofen nun auf&nbsp;<strong>220 Grad Ober-\/Unterhitze<\/strong>&nbsp;einstellen und das Brot in der Form, mit Deckel drauf und im Ofen &#8211; ach ja, bei geschlossener Backofent\u00fcr &#8211; ca. 50 &#8211; 60 Minuten backen&nbsp;<strong><em>(bei mir sind es wieder mal 55 min)<\/em><\/strong>.<\/p>\n\n\n\n<p>Etwa 10 Minuten vor Ende der Backzeit den Deckel abnehmen &#8211; an dieser Stelle schubs ich das Brot wieder mal komplett aus der Form und lege es nochmal direkt in den Ofen auf das Gitterrost. Dann&nbsp;mit Blickkontakt zu Ende backen &#8211; k\u00f6nnte sonst zu dunkel werden.<\/p>\n\n\n\n<p><strong>Das fertige Brot k\u00f6nnte abschlie\u00dfend in etwa so aussehen und auf einem weiteren Gitterrost au\u00dferhalb des Ofens mit einem Tuch bedeckt abk\u00fchlen bevor sich wieder alle um das Endst\u00fcck streiten:<\/strong><\/p>\n\n\n<div class=\"wp-block-image\">\n<figure class=\"aligncenter size-full\"><img loading=\"lazy\" decoding=\"async\" width=\"400\" height=\"300\" src=\"https:\/\/brotfarm.de\/wp-content\/uploads\/2024\/06\/Fertiges-Brot-3.jpg\" alt=\"\" class=\"wp-image-974\" srcset=\"https:\/\/brotfarm.de\/wp-content\/uploads\/2024\/06\/Fertiges-Brot-3.jpg 400w, https:\/\/brotfarm.de\/wp-content\/uploads\/2024\/06\/Fertiges-Brot-3-300x225.jpg 300w\" sizes=\"auto, (max-width: 400px) 100vw, 400px\" \/><figcaption class=\"wp-element-caption\"><em>Fertiges Milchreisbrot&#8230;<\/em><\/figcaption><\/figure>\n<\/div>\n\n\n<p><strong>Das Brot hat eine tolle Kruste, h\u00e4lt sich lange und schmeckt hervorragend.<\/strong><\/p>\n\n\n\n<p><strong>Fertig\u2026.mmmhh &#8211; lecker!<\/strong><\/p>\n\n\n<div class=\"wp-block-image\">\n<figure class=\"aligncenter is-resized\"><a href=\"https:\/\/brotfarm.de\/?page_id=179\"><img loading=\"lazy\" decoding=\"async\" width=\"140\" height=\"100\" src=\"https:\/\/brotfarm.de\/wp-content\/uploads\/2024\/05\/Muetze-e1715334323522.jpg\" alt=\"\" class=\"wp-image-25\" style=\"width:140px;height:auto\"\/><\/a><\/figure>\n<\/div>","protected":false},"excerpt":{"rendered":"<p>Mit einem Schuss Nostalgie und im Andenken an Rudolf&#8230;! Aus einem sehr alten Backbuch&#8230; Zutaten Milchreisbrot (Ausnahmsweise bleibt heute mal das K\u00f6rnerged\u00f6ns weg!) Zubereitung Milchreisbrot Das ist sowas von easy&#8230; &#8230;erstmal kochen wir 125 g Milchreis nach Packungsanweisung in 1\/2 Liter Milch mit einer Prise Salz &#8211; das dauert am l\u00e4ngsten, da der Brei eine [&hellip;]<\/p>\n","protected":false},"author":1,"featured_media":0,"parent":0,"menu_order":0,"comment_status":"closed","ping_status":"closed","template":"","meta":{"ngg_post_thumbnail":0,"footnotes":""},"class_list":["post-435","page","type-page","status-publish","hentry"],"_links":{"self":[{"href":"https:\/\/brotfarm.de\/index.php?rest_route=\/wp\/v2\/pages\/435","targetHints":{"allow":["GET"]}}],"collection":[{"href":"https:\/\/brotfarm.de\/index.php?rest_route=\/wp\/v2\/pages"}],"about":[{"href":"https:\/\/brotfarm.de\/index.php?rest_route=\/wp\/v2\/types\/page"}],"author":[{"embeddable":true,"href":"https:\/\/brotfarm.de\/index.php?rest_route=\/wp\/v2\/users\/1"}],"replies":[{"embeddable":true,"href":"https:\/\/brotfarm.de\/index.php?rest_route=%2Fwp%2Fv2%2Fcomments&post=435"}],"version-history":[{"count":6,"href":"https:\/\/brotfarm.de\/index.php?rest_route=\/wp\/v2\/pages\/435\/revisions"}],"predecessor-version":[{"id":980,"href":"https:\/\/brotfarm.de\/index.php?rest_route=\/wp\/v2\/pages\/435\/revisions\/980"}],"wp:attachment":[{"href":"https:\/\/brotfarm.de\/index.php?rest_route=%2Fwp%2Fv2%2Fmedia&parent=435"}],"curies":[{"name":"wp","href":"https:\/\/api.w.org\/{rel}","templated":true}]}}