{"id":518,"date":"2024-06-01T16:03:15","date_gmt":"2024-06-01T16:03:15","guid":{"rendered":"https:\/\/brotfarm.de\/?page_id=518"},"modified":"2024-06-06T13:37:49","modified_gmt":"2024-06-06T13:37:49","slug":"23-2","status":"publish","type":"page","link":"https:\/\/brotfarm.de\/?page_id=518","title":{"rendered":"Quarkbr\u00f6tchen mit Anis"},"content":{"rendered":"\n<p class=\"has-large-font-size\">Nicht zu s\u00fc\u00df und nicht zu herb!<\/p>\n\n\n\n<p class=\"has-text-align-center has-normal-font-size\"><strong><em>Die sind wirklich schnell gemacht und haben wieder mal einen &#8222;Family &#8211; Oscar&#8220; bekommen. Immer wenn Du denkst, besser gehts nicht, kommt doch noch was Neues um die Ecke und straft Dich L\u00fcgen!<\/em><\/strong><\/p>\n\n\n\n<p class=\"has-text-align-center has-normal-font-size\"><strong><em><mark>Aber ich denke, eher die Abwechslung f\u00fchrt zu den Begeisterungsst\u00fcrmen &#8211; Fisch isst man ja sicher auch gerne, aber jeden Tag&#8230;?<\/mark><\/em><\/strong><\/p>\n\n\n\n<p class=\"has-large-font-size\">Die&nbsp;Herstellung ist wirklich einfach und es kann so gut wie nix schiefgehen!<\/p>\n\n\n\n<p><strong>Hinweis:&nbsp;<mark style=\"background-color:rgba(0, 0, 0, 0);color:#f42525\" class=\"has-inline-color\">10 Br\u00f6tchen sind f\u00fcr die Herstellung ideal, da die gerade noch auf ein Backblech passen!<\/mark><\/strong><\/p>\n\n\n\n<h2 class=\"wp-block-heading\"><strong>Zutaten f\u00fcr 10 Br\u00f6tchen:<\/strong><\/h2>\n\n\n\n<ul class=\"wp-block-list\">\n<li><strong>500 g&nbsp;Weizenmehl Typ 405 &#8211;<em>&nbsp;geht aber auch mit Typ 550 oder 630er Dinkelmehl!<\/em><\/strong><\/li>\n\n\n\n<li><strong>200 ml&nbsp;lauwarme Milch<\/strong><\/li>\n\n\n\n<li><strong>250 g&nbsp;Speisequark &#8211;&nbsp;<em>ich verzichte ja meist auf diese Magerstufen!<\/em><\/strong><\/li>\n\n\n\n<li><strong>40 g&nbsp;zerlassene Butter<\/strong><\/li>\n\n\n\n<li><strong>3 TL&nbsp;Zucker<\/strong><\/li>\n\n\n\n<li><strong>1 Prise&nbsp;Salz (3 &#8211; 5 g)<\/strong><\/li>\n\n\n\n<li><strong>1 Block&nbsp;frische&nbsp;Hefe<\/strong><\/li>\n\n\n\n<li><strong>1,5 TL&nbsp;Anis &#8211;&nbsp;<em>Wer das nicht mag, kann auch Zimt nehmen &#8211; oder ganz drauf verzichten!<\/em><\/strong><\/li>\n<\/ul>\n\n\n\n<p class=\"has-large-font-size\"><strong>Na dann kann es ja losgehen:<\/strong><\/p>\n\n\n\n<ul class=\"wp-block-list\">\n<li>Zun\u00e4chst die Hefe mit dem Zucker und der Prise Salz matschig r\u00fchren und die lauwarme Milch sowie die zerlassene Butter hinzugeben &#8211; sch\u00f6n verr\u00fchren und zur Seite stellen.<\/li>\n\n\n\n<li>Jetzt das Mehl abwiegen und mit dem Anis oder dem Nix schon mal in &#8222;<strong>the machine<\/strong>&#8220; kurz vermengen. Anschlie\u00dfend gebe ich nun den Quark hinzu und &#8222;Press Play on Tape&#8230;!&#8220; &#8211; kleiner Scherz aus meiner Jugend! Ich schalte also &#8222;<strong>the machine<\/strong>&#8220; an und gebe sofort die vorbereitete Fl\u00fcssigkeit hinzu.<\/li>\n\n\n\n<li>Solange kneten, bis ein sch\u00f6ner geschmeidiger Teig entstanden ist &#8211; notfalls noch etwas Mehl dazugeben!<\/li>\n<\/ul>\n\n\n\n<p>Jetzt das Ganze kurz umtopfen, Deckel oder Tuch drauf und an einem warmen Ort ca. 15 Minuten das erste Mal gehen lassen:<\/p>\n\n\n<div class=\"wp-block-image\">\n<figure class=\"aligncenter size-full\"><img loading=\"lazy\" decoding=\"async\" width=\"400\" height=\"300\" src=\"https:\/\/brotfarm.de\/wp-content\/uploads\/2024\/06\/image-62.png\" alt=\"\" class=\"wp-image-607\" srcset=\"https:\/\/brotfarm.de\/wp-content\/uploads\/2024\/06\/image-62.png 400w, https:\/\/brotfarm.de\/wp-content\/uploads\/2024\/06\/image-62-300x225.png 300w\" sizes=\"auto, (max-width: 400px) 100vw, 400px\" \/><figcaption class=\"wp-element-caption\"><em>Die erste Gehzeit&#8230;<\/em><\/figcaption><\/figure>\n<\/div>\n\n\n<h2 class=\"wp-block-heading\"><strong>Kleine&nbsp;&nbsp; P A U S E &#8230;<\/strong><\/h2>\n\n\n\n<p>Weiter geht es indem ihr den Teig nochmal mit der Hand knetet, eine Rolle formt und mit einer Teigkarte etwa 10 gleiche Teile abstecht um diese dann zu Br\u00f6tchen aufzumotzen &#8211; m\u00fcsste mit 100 g \/ Teil passen&#8230;<\/p>\n\n\n<style>.wp-block-kadence-advancedgallery .kb-gallery-type-masonry.kb-gallery-id-518_85e1c3-2c{margin:-5px;}.kb-gallery-type-masonry.kb-gallery-id-518_85e1c3-2c .kadence-blocks-gallery-item{padding:5px;}.kb-gallery-id-518_85e1c3-2c .kadence-blocks-gallery-item .kb-gal-image-radius, .kb-gallery-id-518_85e1c3-2c .kb-slide-item .kb-gal-image-radius img{border-radius:0px 0px 0px 0px;;}.kb-gallery-caption-style-cover-hover.kb-gallery-id-518_85e1c3-2c .kadence-blocks-gallery-item .kadence-blocks-gallery-item-inner .kadence-blocks-gallery-item__caption, .kb-gallery-caption-style-below.kb-gallery-id-518_85e1c3-2c .kadence-blocks-gallery-item .kadence-blocks-gallery-item-inner .kadence-blocks-gallery-item__caption{background:rgba(0, 0, 0, 0.8);}<\/style><div class=\"kb-gallery-wrap-id-518_85e1c3-2c alignnone wp-block-kadence-advancedgallery\"><ul class=\"kb-gallery-ul kb-gallery-non-static kb-gallery-type-masonry kb-masonry-init kb-gallery-id-518_85e1c3-2c kb-gallery-caption-style-below kb-gallery-filter-none\" data-image-filter=\"none\" data-item-selector=\".kadence-blocks-gallery-item\" data-lightbox-caption=\"true\" data-columns-xxl=\"3\" data-columns-xl=\"3\" data-columns-md=\"3\" data-columns-sm=\"2\" data-columns-xs=\"1\" data-columns-ss=\"1\"><li class=\"kadence-blocks-gallery-item\"><div class=\"kadence-blocks-gallery-item-inner\"><figure class=\"kb-gallery-figure kadence-blocks-gallery-item-has-caption\" style=\"max-width:400px;\"><div class=\"kb-gal-image-radius\" style=\"max-width:400px;\"><div class=\"kb-gallery-image-contain kadence-blocks-gallery-intrinsic\" style=\"padding-bottom:75%;\"><img loading=\"lazy\" decoding=\"async\" src=\"https:\/\/brotfarm.de\/wp-content\/uploads\/2024\/06\/image-56.png\" width=\"400\" height=\"300\" alt=\"\" data-full-image=\"https:\/\/brotfarm.de\/wp-content\/uploads\/2024\/06\/image-56.png\" data-light-image=\"https:\/\/brotfarm.de\/wp-content\/uploads\/2024\/06\/image-56.png\" data-id=\"600\" class=\"wp-image-600\" srcset=\"https:\/\/brotfarm.de\/wp-content\/uploads\/2024\/06\/image-56.png 400w, https:\/\/brotfarm.de\/wp-content\/uploads\/2024\/06\/image-56-300x225.png 300w\" sizes=\"auto, (max-width: 400px) 100vw, 400px\" \/><\/div><\/div><figcaption class=\"kadence-blocks-gallery-item__caption\">Schritt 1: 10 gleiche Teile!<\/figcaption><\/figure><\/div><\/li><li class=\"kadence-blocks-gallery-item\"><div class=\"kadence-blocks-gallery-item-inner\"><figure class=\"kb-gallery-figure kadence-blocks-gallery-item-has-caption\" style=\"max-width:400px;\"><div class=\"kb-gal-image-radius\" style=\"max-width:400px;\"><div class=\"kb-gallery-image-contain kadence-blocks-gallery-intrinsic\" style=\"padding-bottom:75%;\"><img loading=\"lazy\" decoding=\"async\" src=\"https:\/\/brotfarm.de\/wp-content\/uploads\/2024\/06\/image-57.png\" width=\"400\" height=\"300\" alt=\"\" data-full-image=\"https:\/\/brotfarm.de\/wp-content\/uploads\/2024\/06\/image-57.png\" data-light-image=\"https:\/\/brotfarm.de\/wp-content\/uploads\/2024\/06\/image-57.png\" data-id=\"601\" class=\"wp-image-601\"\/><\/div><\/div><figcaption class=\"kadence-blocks-gallery-item__caption\">Schritt 2: Zu Kugeln drehen!<\/figcaption><\/figure><\/div><\/li><li class=\"kadence-blocks-gallery-item\"><div class=\"kadence-blocks-gallery-item-inner\"><figure class=\"kb-gallery-figure kadence-blocks-gallery-item-has-caption\" style=\"max-width:400px;\"><div class=\"kb-gal-image-radius\" style=\"max-width:400px;\"><div class=\"kb-gallery-image-contain kadence-blocks-gallery-intrinsic\" style=\"padding-bottom:75%;\"><img loading=\"lazy\" decoding=\"async\" src=\"https:\/\/brotfarm.de\/wp-content\/uploads\/2024\/06\/image-59.png\" width=\"400\" height=\"300\" alt=\"\" data-full-image=\"https:\/\/brotfarm.de\/wp-content\/uploads\/2024\/06\/image-59.png\" data-light-image=\"https:\/\/brotfarm.de\/wp-content\/uploads\/2024\/06\/image-59.png\" data-id=\"603\" class=\"wp-image-603\" srcset=\"https:\/\/brotfarm.de\/wp-content\/uploads\/2024\/06\/image-59.png 400w, https:\/\/brotfarm.de\/wp-content\/uploads\/2024\/06\/image-59-300x225.png 300w\" sizes=\"auto, (max-width: 400px) 100vw, 400px\" \/><\/div><\/div><figcaption class=\"kadence-blocks-gallery-item__caption\">Schritt 3: Abstempeln und Wegschicken&#8220;! \ud83d\ude42<\/figcaption><\/figure><\/div><\/li><\/ul><\/div>\n\n\n<p class=\"has-text-align-center\">Wer keinen Br\u00f6tchenstempel hat, kann die Teile auch einfach nur einschneiden&#8230;<\/p>\n\n\n\n<p class=\"has-text-align-center\">&nbsp;&#8230; und wegschicken muss man sie nach dem Stempeln nat\u00fcrlich auch nicht!<\/p>\n\n\n\n<p>Die zweite G\u00e4rung dauert auch nur ca. 15 Minuten und passiert, wenn die Br\u00f6tchen schon auf dem mit&nbsp;Mehl best\u00e4ubten&nbsp;Backpapier bzw. Backblech liegen.<\/p>\n\n\n\n<p>Wer mag, kann jetzt schon mal ein wenig Puderzucker spendieren&#8230;<\/p>\n\n\n<style>.kb-image518_00e7e3-52 .kb-image-has-overlay:after{opacity:0.3;}<\/style>\n<div class=\"wp-block-kadence-image kb-image518_00e7e3-52\"><figure class=\"aligncenter size-full\"><img loading=\"lazy\" decoding=\"async\" width=\"400\" height=\"300\" src=\"https:\/\/brotfarm.de\/wp-content\/uploads\/2024\/06\/10-runde-Teile-mit-Puderzucker.jpg\" alt=\"\" class=\"kb-img wp-image-866\" srcset=\"https:\/\/brotfarm.de\/wp-content\/uploads\/2024\/06\/10-runde-Teile-mit-Puderzucker.jpg 400w, https:\/\/brotfarm.de\/wp-content\/uploads\/2024\/06\/10-runde-Teile-mit-Puderzucker-300x225.jpg 300w\" sizes=\"auto, (max-width: 400px) 100vw, 400px\" \/><figcaption><em>Mit Puderzucker bestreuen &#8211; Vor dem Backen!<\/em><\/figcaption><\/figure><\/div>\n\n\n\n<p class=\"has-large-font-size\"><strong>Achtung, jetzt kommt ja mal was ganz Neues:<\/strong><\/p>\n\n\n\n<p>Nix mit&nbsp;<strong>Ober- \/Unterhitze<\/strong>&nbsp;&#8211; nee, dieses mal kommt&nbsp;<strong>Umluft<\/strong>&nbsp;zum Einsatz<\/p>\n\n\n\n<p><mark style=\"background-color:rgba(0, 0, 0, 0);color:#f10808\" class=\"has-inline-color\"><em>(Endlich, ich wusste schon gar nicht mehr, dass ich das auch habe&#8230;)<\/em>.<\/mark><\/p>\n\n\n\n<p class=\"has-normal-font-size\"><strong><em>Und zwar wird der Ofen auf 200 Grad Umluft vorgeheizt!<\/em><\/strong><\/p>\n\n\n\n<p>Bevor ihr das Blech in den Ofen schiebt, k\u00f6nnt ihr vorher noch f\u00fcr ein wenig Dampf sorgen (Einfach eine mit Wasser gef\u00fcllte Blumenspritze reinhalten und ein paarmal den Abzughahn ziehen).<\/p>\n\n\n\n<p>Die lecker duftenden Br\u00f6tchen sind nach ca.&nbsp;<strong>20 &#8211; 22 Minuten Backzeit<\/strong>&nbsp;fertig und sollten dann etwa so aussehen&#8230;<\/p>\n\n\n<style>.wp-block-kadence-advancedgallery .kb-gallery-type-masonry.kb-gallery-id-518_2ce994-f4{margin:-5px;}.kb-gallery-type-masonry.kb-gallery-id-518_2ce994-f4 .kadence-blocks-gallery-item{padding:5px;}.kb-gallery-id-518_2ce994-f4 .kadence-blocks-gallery-item .kb-gal-image-radius, .kb-gallery-id-518_2ce994-f4 .kb-slide-item .kb-gal-image-radius img{border-radius:0px 0px 0px 0px;;}.kb-gallery-caption-style-bottom.kb-gallery-id-518_2ce994-f4 .kadence-blocks-gallery-item .kadence-blocks-gallery-item-inner .kadence-blocks-gallery-item__caption, .kb-gallery-caption-style-bottom-hover.kb-gallery-id-518_2ce994-f4 .kadence-blocks-gallery-item .kadence-blocks-gallery-item-inner .kadence-blocks-gallery-item__caption{background:linear-gradient(0deg, rgba(0, 0, 0, 0.8) 0, rgba(0, 0, 0, 0) 100%);}<\/style><div class=\"kb-gallery-wrap-id-518_2ce994-f4 alignnone wp-block-kadence-advancedgallery\"><ul class=\"kb-gallery-ul kb-gallery-non-static kb-gallery-type-masonry kb-masonry-init kb-mobile-force-hover kb-gallery-id-518_2ce994-f4 kb-gallery-caption-style-bottom-hover kb-gallery-filter-none\" data-image-filter=\"none\" data-item-selector=\".kadence-blocks-gallery-item\" data-lightbox-caption=\"true\" data-columns-xxl=\"2\" data-columns-xl=\"2\" data-columns-md=\"2\" data-columns-sm=\"2\" data-columns-xs=\"1\" data-columns-ss=\"1\"><li class=\"kadence-blocks-gallery-item\" tabindex=\"0\"><div class=\"kadence-blocks-gallery-item-inner\"><figure class=\"kb-gallery-figure kadence-blocks-gallery-item-has-caption\"><div class=\"kb-gal-image-radius\" style=\"max-width:400px;\"><div class=\"kb-gallery-image-contain kadence-blocks-gallery-intrinsic\" style=\"padding-bottom:75%;\"><img loading=\"lazy\" decoding=\"async\" src=\"https:\/\/brotfarm.de\/wp-content\/uploads\/2024\/06\/image-60.png\" width=\"400\" height=\"300\" alt=\"\" data-full-image=\"https:\/\/brotfarm.de\/wp-content\/uploads\/2024\/06\/image-60.png\" data-light-image=\"https:\/\/brotfarm.de\/wp-content\/uploads\/2024\/06\/image-60.png\" data-id=\"604\" class=\"wp-image-604\" srcset=\"https:\/\/brotfarm.de\/wp-content\/uploads\/2024\/06\/image-60.png 400w, https:\/\/brotfarm.de\/wp-content\/uploads\/2024\/06\/image-60-300x225.png 300w\" sizes=\"auto, (max-width: 400px) 100vw, 400px\" \/><\/div><div class=\"kadence-blocks-gallery-item__caption\">Fertige Br\u00f6tchen&#8230;<\/div><\/div><\/figure><\/div><\/li><li class=\"kadence-blocks-gallery-item\" tabindex=\"0\"><div class=\"kadence-blocks-gallery-item-inner\"><figure class=\"kb-gallery-figure kadence-blocks-gallery-item-has-caption\"><div class=\"kb-gal-image-radius\" style=\"max-width:400px;\"><div class=\"kb-gallery-image-contain kadence-blocks-gallery-intrinsic\" style=\"padding-bottom:75%;\"><img loading=\"lazy\" decoding=\"async\" src=\"https:\/\/brotfarm.de\/wp-content\/uploads\/2024\/06\/image-61.png\" width=\"400\" height=\"300\" alt=\"\" data-full-image=\"https:\/\/brotfarm.de\/wp-content\/uploads\/2024\/06\/image-61.png\" data-light-image=\"https:\/\/brotfarm.de\/wp-content\/uploads\/2024\/06\/image-61.png\" data-id=\"605\" class=\"wp-image-605\" srcset=\"https:\/\/brotfarm.de\/wp-content\/uploads\/2024\/06\/image-61.png 400w, https:\/\/brotfarm.de\/wp-content\/uploads\/2024\/06\/image-61-300x225.png 300w\" sizes=\"auto, (max-width: 400px) 100vw, 400px\" \/><\/div><div class=\"kadence-blocks-gallery-item__caption\">Kurz vor dem Verzehr&#8230;<\/div><\/div><\/figure><\/div><\/li><\/ul><\/div>\n\n\n<p><strong>Nochmal mit etwas Puderzucker bestreuen und:<\/strong><\/p>\n\n\n\n<p><strong>Fertig\u2026.mmmhh &#8211; lecker!<\/strong><\/p>\n\n\n<div class=\"wp-block-image\">\n<figure class=\"aligncenter is-resized\"><a href=\"https:\/\/brotfarm.de\/?page_id=179\"><img loading=\"lazy\" decoding=\"async\" width=\"140\" height=\"100\" src=\"https:\/\/brotfarm.de\/wp-content\/uploads\/2024\/05\/Muetze-e1715334323522.jpg\" alt=\"\" class=\"wp-image-25\" style=\"width:140px;height:auto\"\/><\/a><\/figure>\n<\/div>","protected":false},"excerpt":{"rendered":"<p>Nicht zu s\u00fc\u00df und nicht zu herb! Die sind wirklich schnell gemacht und haben wieder mal einen &#8222;Family &#8211; Oscar&#8220; bekommen. Immer wenn Du denkst, besser gehts nicht, kommt doch noch was Neues um die Ecke und straft Dich L\u00fcgen! Aber ich denke, eher die Abwechslung f\u00fchrt zu den Begeisterungsst\u00fcrmen &#8211; Fisch isst man ja [&hellip;]<\/p>\n","protected":false},"author":1,"featured_media":0,"parent":0,"menu_order":0,"comment_status":"closed","ping_status":"closed","template":"","meta":{"ngg_post_thumbnail":0,"footnotes":""},"class_list":["post-518","page","type-page","status-publish","hentry"],"_links":{"self":[{"href":"https:\/\/brotfarm.de\/index.php?rest_route=\/wp\/v2\/pages\/518","targetHints":{"allow":["GET"]}}],"collection":[{"href":"https:\/\/brotfarm.de\/index.php?rest_route=\/wp\/v2\/pages"}],"about":[{"href":"https:\/\/brotfarm.de\/index.php?rest_route=\/wp\/v2\/types\/page"}],"author":[{"embeddable":true,"href":"https:\/\/brotfarm.de\/index.php?rest_route=\/wp\/v2\/users\/1"}],"replies":[{"embeddable":true,"href":"https:\/\/brotfarm.de\/index.php?rest_route=%2Fwp%2Fv2%2Fcomments&post=518"}],"version-history":[{"count":5,"href":"https:\/\/brotfarm.de\/index.php?rest_route=\/wp\/v2\/pages\/518\/revisions"}],"predecessor-version":[{"id":867,"href":"https:\/\/brotfarm.de\/index.php?rest_route=\/wp\/v2\/pages\/518\/revisions\/867"}],"wp:attachment":[{"href":"https:\/\/brotfarm.de\/index.php?rest_route=%2Fwp%2Fv2%2Fmedia&parent=518"}],"curies":[{"name":"wp","href":"https:\/\/api.w.org\/{rel}","templated":true}]}}