{"id":519,"date":"2024-06-01T16:03:15","date_gmt":"2024-06-01T16:03:15","guid":{"rendered":"https:\/\/brotfarm.de\/?page_id=519"},"modified":"2024-06-08T14:23:32","modified_gmt":"2024-06-08T14:23:32","slug":"24-2","status":"publish","type":"page","link":"https:\/\/brotfarm.de\/?page_id=519","title":{"rendered":"Walnuss-Dinkelbrot der Extraklasse"},"content":{"rendered":"\n<p class=\"has-text-align-center\"><strong>Ich sag euch Leute, da k\u00f6nnte ich den ganzen Tag drauf rumknatschen!<\/strong><\/p>\n\n\n\n<p>Auf dem Einstiegsbild seht ihr \u00fcbrigens zwei Brote. Das rechte Brot habe ich mit Haferkleie Flocken zubereitet&nbsp;(das ergibt eher einen pampsigen Brei beim vermengen mit Wasser)&nbsp;und f\u00fcr das linke Brot habe ich kernige Haferflocken genommen&nbsp;(die gefallen mir eigentlich besser!)<br>&nbsp;<\/p>\n\n\n\n<p><strong>Hinweis:<\/strong>&nbsp;<em><mark style=\"background-color:rgba(0, 0, 0, 0);color:#f61e1e\" class=\"has-inline-color\">Die Mengen sind wieder f\u00fcr eine 3 l Brotbackform (Zenker) hochgerechnet und ausgelegt. Wem das zu viel ist, einfach wieder halbieren &#8211; dann passen die Sachen auch in eine normale rechteckige ca. 30 cm lange Kuchenbackform&#8230;&nbsp;<\/mark><\/em><\/p>\n\n\n\n<h2 class=\"wp-block-heading\"><strong>Zutaten Walnuss-Dinkelbrot<\/strong> (WDdE)<\/h2>\n\n\n\n<p class=\"has-large-font-size\"><strong><mark style=\"background-color:#02f0f8\" class=\"has-inline-color\"><strong><mark style=\"background-color:#16f1e9\" class=\"has-inline-color\">Quellst\u00fcck:<\/mark><\/strong><\/mark><\/strong><\/p>\n\n\n\n<ul class=\"wp-block-list\">\n<li><strong>70 g Haferflocken<\/strong><\/li>\n<\/ul>\n\n\n\n<ul class=\"wp-block-list\">\n<li><strong>70 g&nbsp;Sonnenblumenkerne<\/strong><\/li>\n<\/ul>\n\n\n\n<ul class=\"wp-block-list\">\n<li><strong>280&nbsp;ml kochendes Wasser<\/strong><\/li>\n<\/ul>\n\n\n\n<p class=\"has-large-font-size\"><strong><mark style=\"background-color:#16f1e9\" class=\"has-inline-color\">Teigmasse:<\/mark><\/strong><\/p>\n\n\n\n<ul class=\"wp-block-list\">\n<li><strong>450 ml&nbsp;Wasser<\/strong><\/li>\n<\/ul>\n\n\n\n<ul class=\"wp-block-list\">\n<li><strong>30 g&nbsp;frische Hefe<\/strong><\/li>\n<\/ul>\n\n\n\n<ul class=\"wp-block-list\">\n<li><strong>2 &#8211;&nbsp;3 TL&nbsp;Salz (Je nach Geschmack)<\/strong><\/li>\n<\/ul>\n\n\n\n<ul class=\"wp-block-list\">\n<li><strong>1,5 TL&nbsp;Zucker oder Honig<\/strong><\/li>\n<\/ul>\n\n\n\n<ul class=\"wp-block-list\">\n<li><strong>&nbsp;840 g&nbsp;Dinkelvollkornmehl oder Dinkelmehl&nbsp;1050er<\/strong><\/li>\n<\/ul>\n\n\n\n<ul class=\"wp-block-list\">\n<li class=\"has-normal-font-size\"><strong>1 T\u00fcte Walnusskerne<\/strong>&nbsp;<em>(200 g &#8211; gibt es beim Discounter &#8222;Aidl&#8220; oder &#8222;Lidi&#8220;)<\/em><\/li>\n<\/ul>\n\n\n\n<p>Zun\u00e4chst solltet ihr&nbsp;<strong>70g<\/strong>&nbsp;Haferflocken und&nbsp;<strong>70g<\/strong> Sonnenblumenkerne vermengen, mit etwa&nbsp;<strong>280ml<\/strong>&nbsp;kochendem Wasser&nbsp;\u00fcbergie\u00dfen und ca.&nbsp;<em>20 Min. quellen lassen<\/em>.<\/p>\n\n\n\n<p>In der Zwischenzeit k\u00f6nnt ihr&nbsp;<strong>450ml<\/strong>&nbsp;lauwarmes Wasser in einen Messbecher oder ein \u00e4hnliches Gef\u00e4\u00df geben, mit dem Salz und dem Zucker vermengen und darin die Hefe aufl\u00f6sen lassen.<\/p>\n\n\n\n<p>Ich mag es nicht, wenn die Walnusskerne noch so gro\u00df sind, daher zersto\u00dfe ich Sie in einem M\u00f6rser und bekomme so die Gr\u00f6\u00dfen meiner Wahl.<\/p>\n\n\n\n<p>Das Mehl abwiegen und in&nbsp;<strong>&#8222;the machine&#8220;<\/strong>&nbsp;geben. Kurz durchl\u00fcften und dann nach und nach die Zutaten hinzuf\u00fcgen. Ich fange mit den Walnusskernen an, dann den&nbsp;<strong>&#8222;Haferblumensonnenschleim&#8220;<\/strong>&nbsp;und zum Schluss die Hefel\u00f6sung. Alles gut durchmengen, so dass die Pampe am Ende etwa so aussieht:<\/p>\n\n\n<div class=\"wp-block-image\">\n<figure class=\"aligncenter size-full\"><img loading=\"lazy\" decoding=\"async\" width=\"400\" height=\"300\" src=\"https:\/\/brotfarm.de\/wp-content\/uploads\/2024\/06\/image-63.png\" alt=\"\" class=\"wp-image-611\" srcset=\"https:\/\/brotfarm.de\/wp-content\/uploads\/2024\/06\/image-63.png 400w, https:\/\/brotfarm.de\/wp-content\/uploads\/2024\/06\/image-63-300x225.png 300w\" sizes=\"auto, (max-width: 400px) 100vw, 400px\" \/><figcaption class=\"wp-element-caption\"><em>Noch unappetitlich, aber wird ja noch&#8230;<\/em><\/figcaption><\/figure>\n<\/div>\n\n\n<p>Jetzt gebt ihr die Masse einfach schon mal in die gefettete oder ge\u00f6lte Backform, legt ein Tuch dr\u00fcber und lasst alles an einem warmen Ort etwa 40 Minuten ruhen!<\/p>\n\n\n\n<p><strong>Optimal f\u00fcr die Tasse Kaffee zwischendurch und\/oder Platte putzen &#8211; es gibt doch immer was zu tun!<\/strong><\/p>\n\n\n<style>.wp-block-kadence-advancedgallery .kb-gallery-type-masonry.kb-gallery-id-519_7da674-28{margin:-5px;}.kb-gallery-type-masonry.kb-gallery-id-519_7da674-28 .kadence-blocks-gallery-item{padding:5px;}.kb-gallery-id-519_7da674-28 .kadence-blocks-gallery-item .kb-gal-image-radius, .kb-gallery-id-519_7da674-28 .kb-slide-item .kb-gal-image-radius img{border-radius:0px 0px 0px 0px;;}.kb-gallery-caption-style-cover-hover.kb-gallery-id-519_7da674-28 .kadence-blocks-gallery-item .kadence-blocks-gallery-item-inner .kadence-blocks-gallery-item__caption, .kb-gallery-caption-style-below.kb-gallery-id-519_7da674-28 .kadence-blocks-gallery-item .kadence-blocks-gallery-item-inner .kadence-blocks-gallery-item__caption{background:rgba(0, 0, 0, 0.8);}<\/style><div class=\"kb-gallery-wrap-id-519_7da674-28 alignnone wp-block-kadence-advancedgallery\"><ul class=\"kb-gallery-ul kb-gallery-non-static kb-gallery-type-masonry kb-masonry-init kb-gallery-id-519_7da674-28 kb-gallery-caption-style-below kb-gallery-filter-none\" data-image-filter=\"none\" data-item-selector=\".kadence-blocks-gallery-item\" data-lightbox-caption=\"true\" data-columns-xxl=\"2\" data-columns-xl=\"2\" data-columns-md=\"2\" data-columns-sm=\"2\" data-columns-xs=\"1\" data-columns-ss=\"1\"><li class=\"kadence-blocks-gallery-item\"><div class=\"kadence-blocks-gallery-item-inner\"><figure class=\"kb-gallery-figure kadence-blocks-gallery-item-has-caption\" style=\"max-width:400px;\"><div class=\"kb-gal-image-radius\" style=\"max-width:400px;\"><div class=\"kb-gallery-image-contain kadence-blocks-gallery-intrinsic\" style=\"padding-bottom:75%;\"><img loading=\"lazy\" decoding=\"async\" src=\"https:\/\/brotfarm.de\/wp-content\/uploads\/2024\/06\/image-64.png\" width=\"400\" height=\"300\" alt=\"\" data-full-image=\"https:\/\/brotfarm.de\/wp-content\/uploads\/2024\/06\/image-64.png\" data-light-image=\"https:\/\/brotfarm.de\/wp-content\/uploads\/2024\/06\/image-64.png\" data-id=\"612\" class=\"wp-image-612\" srcset=\"https:\/\/brotfarm.de\/wp-content\/uploads\/2024\/06\/image-64.png 400w, https:\/\/brotfarm.de\/wp-content\/uploads\/2024\/06\/image-64-300x225.png 300w\" sizes=\"auto, (max-width: 400px) 100vw, 400px\" \/><\/div><\/div><figcaption class=\"kadence-blocks-gallery-item__caption\">Vor der Ruhephase&#8230;<\/figcaption><\/figure><\/div><\/li><li class=\"kadence-blocks-gallery-item\"><div class=\"kadence-blocks-gallery-item-inner\"><figure class=\"kb-gallery-figure kadence-blocks-gallery-item-has-caption\" style=\"max-width:400px;\"><div class=\"kb-gal-image-radius\" style=\"max-width:400px;\"><div class=\"kb-gallery-image-contain kadence-blocks-gallery-intrinsic\" style=\"padding-bottom:75%;\"><img loading=\"lazy\" decoding=\"async\" src=\"https:\/\/brotfarm.de\/wp-content\/uploads\/2024\/06\/image-65.png\" width=\"400\" height=\"300\" alt=\"\" data-full-image=\"https:\/\/brotfarm.de\/wp-content\/uploads\/2024\/06\/image-65.png\" data-light-image=\"https:\/\/brotfarm.de\/wp-content\/uploads\/2024\/06\/image-65.png\" data-id=\"613\" class=\"wp-image-613\" srcset=\"https:\/\/brotfarm.de\/wp-content\/uploads\/2024\/06\/image-65.png 400w, https:\/\/brotfarm.de\/wp-content\/uploads\/2024\/06\/image-65-300x225.png 300w\" sizes=\"auto, (max-width: 400px) 100vw, 400px\" \/><\/div><\/div><figcaption class=\"kadence-blocks-gallery-item__caption\">Nach der Ruhephase&#8230;<\/figcaption><\/figure><\/div><\/li><\/ul><\/div>\n\n\n<p>&nbsp;<strong>Jetzt k\u00f6nnen wir so langsam mal den Backofen vorbereiten und wie folgt loslegen:<\/strong><\/p>\n\n\n\n<ul class=\"wp-block-list\">\n<li>Den Backofen auf 200 Grad Ober-\/Unterhitze vorheizen.<\/li>\n<\/ul>\n\n\n\n<ul class=\"wp-block-list\">\n<li>Ein mit Wasser gef\u00fclltes feuerfestes Gef\u00e4\u00df auf den Boden des Ofens stellen.<\/li>\n<\/ul>\n\n\n\n<ul class=\"wp-block-list\">\n<li>Die Oberfl\u00e4che des Teigs noch kurz einschneiden und ab in den Ofen<\/li>\n<\/ul>\n\n\n\n<ul class=\"wp-block-list\">\n<li>Ruhig noch mal die Spr\u00fchflasche mit Wasser draufhalten!<\/li>\n<\/ul>\n\n\n\n<ul class=\"wp-block-list\">\n<li>ca. 45 Minuten Backzeit<\/li>\n<\/ul>\n\n\n\n<ul class=\"wp-block-list\">\n<li>dann nochmal ca. 10 &#8211; 15 Minuten ohne Backform im Ofen zu Ende backen.<\/li>\n<\/ul>\n\n\n\n<ul class=\"wp-block-list\">\n<li><strong>insgesamt also eine Backzeit von ca. 55 &#8211; 60&nbsp; Minuten!<\/strong>\n<ul class=\"wp-block-list\">\n<li><strong><em><mark style=\"background-color:rgba(0, 0, 0, 0);color:#f52222\" class=\"has-inline-color\">(Ist ja auch ein gro\u00dfes Brot!!!)<\/mark><\/em><\/strong><\/li>\n<\/ul>\n<\/li>\n<\/ul>\n\n\n\n<ul class=\"wp-block-list\">\n<li>Am Ende sollte es dann ungef\u00e4hr so aussehen:<\/li>\n<\/ul>\n\n\n<div class=\"wp-block-image\">\n<figure class=\"aligncenter size-full\"><img loading=\"lazy\" decoding=\"async\" width=\"400\" height=\"300\" src=\"https:\/\/brotfarm.de\/wp-content\/uploads\/2024\/06\/Alles-Fertig.jpg\" alt=\"\" class=\"wp-image-1005\" srcset=\"https:\/\/brotfarm.de\/wp-content\/uploads\/2024\/06\/Alles-Fertig.jpg 400w, https:\/\/brotfarm.de\/wp-content\/uploads\/2024\/06\/Alles-Fertig-300x225.jpg 300w\" sizes=\"auto, (max-width: 400px) 100vw, 400px\" \/><figcaption class=\"wp-element-caption\"><em>Fertiges Produkt!<\/em><\/figcaption><\/figure>\n<\/div>\n\n\n<p>Abschlie\u00dfend das fertige Brot auf einem Gitterrost au\u00dferhalb des Ofens ablegen, nochmal mit etwas Wasser bespr\u00fchen und mit einem Tuch bedeckt abk\u00fchlen lassen.<\/p>\n\n\n\n<p>&nbsp;<strong>Fertig\u2026.mmmhh<\/strong><strong>&nbsp;&#8211; lecker!<\/strong><\/p>\n\n\n<div class=\"wp-block-image\">\n<figure class=\"aligncenter is-resized\"><a href=\"https:\/\/brotfarm.de\/?page_id=179\"><img loading=\"lazy\" decoding=\"async\" width=\"140\" height=\"100\" src=\"https:\/\/brotfarm.de\/wp-content\/uploads\/2024\/05\/Muetze-e1715334323522.jpg\" alt=\"\" class=\"wp-image-25\" style=\"width:140px;height:auto\"\/><\/a><\/figure>\n<\/div>","protected":false},"excerpt":{"rendered":"<p>Ich sag euch Leute, da k\u00f6nnte ich den ganzen Tag drauf rumknatschen! Auf dem Einstiegsbild seht ihr \u00fcbrigens zwei Brote. Das rechte Brot habe ich mit Haferkleie Flocken zubereitet&nbsp;(das ergibt eher einen pampsigen Brei beim vermengen mit Wasser)&nbsp;und f\u00fcr das linke Brot habe ich kernige Haferflocken genommen&nbsp;(die gefallen mir eigentlich besser!)&nbsp; Hinweis:&nbsp;Die Mengen sind wieder [&hellip;]<\/p>\n","protected":false},"author":1,"featured_media":0,"parent":0,"menu_order":0,"comment_status":"closed","ping_status":"closed","template":"","meta":{"ngg_post_thumbnail":0,"footnotes":""},"class_list":["post-519","page","type-page","status-publish","hentry"],"_links":{"self":[{"href":"https:\/\/brotfarm.de\/index.php?rest_route=\/wp\/v2\/pages\/519","targetHints":{"allow":["GET"]}}],"collection":[{"href":"https:\/\/brotfarm.de\/index.php?rest_route=\/wp\/v2\/pages"}],"about":[{"href":"https:\/\/brotfarm.de\/index.php?rest_route=\/wp\/v2\/types\/page"}],"author":[{"embeddable":true,"href":"https:\/\/brotfarm.de\/index.php?rest_route=\/wp\/v2\/users\/1"}],"replies":[{"embeddable":true,"href":"https:\/\/brotfarm.de\/index.php?rest_route=%2Fwp%2Fv2%2Fcomments&post=519"}],"version-history":[{"count":6,"href":"https:\/\/brotfarm.de\/index.php?rest_route=\/wp\/v2\/pages\/519\/revisions"}],"predecessor-version":[{"id":1006,"href":"https:\/\/brotfarm.de\/index.php?rest_route=\/wp\/v2\/pages\/519\/revisions\/1006"}],"wp:attachment":[{"href":"https:\/\/brotfarm.de\/index.php?rest_route=%2Fwp%2Fv2%2Fmedia&parent=519"}],"curies":[{"name":"wp","href":"https:\/\/api.w.org\/{rel}","templated":true}]}}