{"id":521,"date":"2024-06-01T16:03:15","date_gmt":"2024-06-01T16:03:15","guid":{"rendered":"https:\/\/brotfarm.de\/?page_id=521"},"modified":"2026-03-13T13:54:29","modified_gmt":"2026-03-13T13:54:29","slug":"25-2","status":"publish","type":"page","link":"https:\/\/brotfarm.de\/?page_id=521","title":{"rendered":"Fr\u00fchst\u00fccksh\u00f6rnchen f\u00fcr Morgenmuffel&#8230;"},"content":{"rendered":"\n<p class=\"has-text-align-center\"><strong>Mit ca. 12 h \u00dcbernachtung im K\u00fchlschrank &#8211; sehen toll aus und schmecken Hammer &#8211; gerade richtig f\u00fcr das Fr\u00fchst\u00fcck am Sonntagmorgen!<\/strong><\/p>\n\n\n\n<p class=\"has-text-align-center has-large-font-size\"><strong>Die Herstellung ist einfacher als man denkt!<\/strong><\/p>\n\n\n\n<p class=\"has-large-font-size\">Na dann kommen wir gleich mal zu den Zutaten f\u00fcr 12 H\u00f6rnchen:<\/p>\n\n\n\n<ul class=\"wp-block-list\">\n<li><strong>375 g&nbsp;Weizenmehl Typ 550<\/strong><\/li>\n\n\n\n<li><strong>375 g&nbsp;Dinkelmehl Typ 630<\/strong><\/li>\n\n\n\n<li><strong>30 g&nbsp;frische Hefe oder 1,5 T\u00fcten Trockenhefe<\/strong><\/li>\n\n\n\n<li><strong>1,5 TL&nbsp;Salz (ca. 15 g)<\/strong><\/li>\n\n\n\n<li><strong>1,5 EL&nbsp;Zucker<\/strong><\/li>\n\n\n\n<li><strong>1,5 EL&nbsp;Backmalz (kann auch weggelassen werden)<\/strong><\/li>\n\n\n\n<li><strong>525 ml&nbsp;kalte Milch<\/strong><\/li>\n\n\n\n<li><strong>1 Eigelb&nbsp;und&nbsp;ca. 4 EL Milch&nbsp;zum Bestreichen&#8230;brauchen wir aber erst am n\u00e4chsten Morgen&#8230;&nbsp;<\/strong><br><\/li>\n<\/ul>\n\n\n\n<p>&nbsp;<strong>Ich mach das jetzt wieder ganz einfach &#8211; kommt n\u00e4mlich gleich Fu\u00dfball:<\/strong><\/p>\n\n\n\n<p>Am Abend vor dem Backen die Hefe mit dem Zucker in der kalten Milch verquirlen. Mehl mit Salz und Backmalz vermischen und mit der Hefemilch 10 Minuten zu einem nicht zu festen Hefeteig verkneten. Den Teig dann abgedeckt bei Zimmertemperatur ca. 45 Minuten ruhen lassen. Noch mal kr\u00e4ftig durchkneten und zu einem Kreis von 0,5 cm Dicke ausrollen. Den Kreis in 12 Tortenst\u00fccke teilen und diese vom dicken Ende aus aufrollen und zu H\u00f6rnchen formen:<\/p>\n\n\n<style>.wp-block-kadence-advancedgallery .kb-gallery-type-masonry.kb-gallery-id-521_0c900d-9e{margin:-5px;}.kb-gallery-type-masonry.kb-gallery-id-521_0c900d-9e .kadence-blocks-gallery-item{padding:5px;}.kb-gallery-id-521_0c900d-9e .kadence-blocks-gallery-item .kb-gal-image-radius, .kb-gallery-id-521_0c900d-9e .kb-slide-item .kb-gal-image-radius img{border-radius:0px 0px 0px 0px;;}.kb-gallery-caption-style-bottom.kb-gallery-id-521_0c900d-9e .kadence-blocks-gallery-item .kadence-blocks-gallery-item-inner .kadence-blocks-gallery-item__caption, .kb-gallery-caption-style-bottom-hover.kb-gallery-id-521_0c900d-9e .kadence-blocks-gallery-item .kadence-blocks-gallery-item-inner .kadence-blocks-gallery-item__caption{background:linear-gradient(0deg, rgba(0, 0, 0, 0.8) 0, rgba(0, 0, 0, 0) 100%);}<\/style><div class=\"kb-gallery-wrap-id-521_0c900d-9e alignnone wp-block-kadence-advancedgallery\"><ul class=\"kb-gallery-ul kb-gallery-non-static kb-gallery-type-masonry kb-masonry-init kb-mobile-force-hover kb-gallery-id-521_0c900d-9e kb-gallery-caption-style-bottom-hover kb-gallery-filter-none\" data-image-filter=\"none\" data-item-selector=\".kadence-blocks-gallery-item\" data-lightbox-caption=\"true\" data-columns-xxl=\"3\" data-columns-xl=\"3\" data-columns-md=\"3\" data-columns-sm=\"2\" data-columns-xs=\"1\" data-columns-ss=\"1\"><li class=\"kadence-blocks-gallery-item\" tabindex=\"0\"><div class=\"kadence-blocks-gallery-item-inner\"><figure class=\"kb-gallery-figure kadence-blocks-gallery-item-has-caption\"><div class=\"kb-gal-image-radius\" style=\"max-width:225px;\"><div class=\"kb-gallery-image-contain kadence-blocks-gallery-intrinsic\" style=\"padding-bottom:177%;\"><img loading=\"lazy\" decoding=\"async\" src=\"https:\/\/brotfarm.de\/wp-content\/uploads\/2024\/06\/image-67.png\" width=\"225\" height=\"400\" alt=\"\" data-full-image=\"https:\/\/brotfarm.de\/wp-content\/uploads\/2024\/06\/image-67.png\" data-light-image=\"https:\/\/brotfarm.de\/wp-content\/uploads\/2024\/06\/image-67.png\" data-id=\"622\" class=\"wp-image-622\" srcset=\"https:\/\/brotfarm.de\/wp-content\/uploads\/2024\/06\/image-67.png 225w, https:\/\/brotfarm.de\/wp-content\/uploads\/2024\/06\/image-67-169x300.png 169w\" sizes=\"auto, (max-width: 225px) 100vw, 225px\" \/><\/div><div class=\"kadence-blocks-gallery-item__caption\">Halber Kreis mit Tortenst\u00fccken&#8230;<\/div><\/div><\/figure><\/div><\/li><li class=\"kadence-blocks-gallery-item\" tabindex=\"0\"><div class=\"kadence-blocks-gallery-item-inner\"><figure class=\"kb-gallery-figure kadence-blocks-gallery-item-has-caption\"><div class=\"kb-gal-image-radius\" style=\"max-width:225px;\"><div class=\"kb-gallery-image-contain kadence-blocks-gallery-intrinsic\" style=\"padding-bottom:177%;\"><img loading=\"lazy\" decoding=\"async\" src=\"https:\/\/brotfarm.de\/wp-content\/uploads\/2024\/06\/image-68.png\" width=\"225\" height=\"400\" alt=\"\" data-full-image=\"https:\/\/brotfarm.de\/wp-content\/uploads\/2024\/06\/image-68.png\" data-light-image=\"https:\/\/brotfarm.de\/wp-content\/uploads\/2024\/06\/image-68.png\" data-id=\"623\" class=\"wp-image-623\" srcset=\"https:\/\/brotfarm.de\/wp-content\/uploads\/2024\/06\/image-68.png 225w, https:\/\/brotfarm.de\/wp-content\/uploads\/2024\/06\/image-68-169x300.png 169w\" sizes=\"auto, (max-width: 225px) 100vw, 225px\" \/><\/div><div class=\"kadence-blocks-gallery-item__caption\">Erste fertig gerollte Rohlinge&#8230;<\/div><\/div><\/figure><\/div><\/li><li class=\"kadence-blocks-gallery-item\" tabindex=\"0\"><div class=\"kadence-blocks-gallery-item-inner\"><figure class=\"kb-gallery-figure kadence-blocks-gallery-item-has-caption\"><div class=\"kb-gal-image-radius\" style=\"max-width:225px;\"><div class=\"kb-gallery-image-contain kadence-blocks-gallery-intrinsic\" style=\"padding-bottom:177%;\"><img loading=\"lazy\" decoding=\"async\" src=\"https:\/\/brotfarm.de\/wp-content\/uploads\/2024\/06\/image-69.png\" width=\"225\" height=\"400\" alt=\"\" data-full-image=\"https:\/\/brotfarm.de\/wp-content\/uploads\/2024\/06\/image-69.png\" data-light-image=\"https:\/\/brotfarm.de\/wp-content\/uploads\/2024\/06\/image-69.png\" data-id=\"624\" class=\"wp-image-624\" srcset=\"https:\/\/brotfarm.de\/wp-content\/uploads\/2024\/06\/image-69.png 225w, https:\/\/brotfarm.de\/wp-content\/uploads\/2024\/06\/image-69-169x300.png 169w\" sizes=\"auto, (max-width: 225px) 100vw, 225px\" \/><\/div><div class=\"kadence-blocks-gallery-item__caption\">Tortenst\u00fcck gerollt&#8230;<\/div><\/div><\/figure><\/div><\/li><\/ul><\/div>\n\n\n<p>Die H\u00f6rnchen mit gen\u00fcgend Abstand auf ein mit Backpapier ausgelegtes Backblech geben und mit einem Tuch oder Frischhaltefolie&nbsp;<strong>abgedeckt<\/strong>&nbsp;\u00fcber Nacht in den K\u00fchlschrank stellen.<\/p>\n\n\n<style>.kb-row-layout-id521_a1ed2c-5b > .kt-row-column-wrap{align-content:start;}:where(.kb-row-layout-id521_a1ed2c-5b > .kt-row-column-wrap) > .wp-block-kadence-column{justify-content:start;}.kb-row-layout-id521_a1ed2c-5b > .kt-row-column-wrap{column-gap:var(--global-kb-gap-md, 2rem);row-gap:var(--global-kb-gap-md, 2rem);padding-top:var(--global-kb-spacing-sm, 1.5rem);padding-bottom:var(--global-kb-spacing-xxs, 0.5rem);grid-template-columns:repeat(2, minmax(0, 1fr));}.kb-row-layout-id521_a1ed2c-5b > .kt-row-layout-overlay{opacity:0.30;}@media all and (max-width: 1024px){.kb-row-layout-id521_a1ed2c-5b > .kt-row-column-wrap{grid-template-columns:repeat(2, minmax(0, 1fr));}}@media all and (max-width: 767px){.kb-row-layout-id521_a1ed2c-5b > .kt-row-column-wrap{grid-template-columns:minmax(0, 1fr);}}<\/style><div class=\"kb-row-layout-wrap kb-row-layout-id521_a1ed2c-5b alignnone wp-block-kadence-rowlayout\"><div class=\"kt-row-column-wrap kt-has-2-columns kt-row-layout-equal kt-tab-layout-inherit kt-mobile-layout-row kt-row-valign-top\">\n<style>.kadence-column521_d0cde4-6e > .kt-inside-inner-col,.kadence-column521_d0cde4-6e > .kt-inside-inner-col:before{border-top-left-radius:0px;border-top-right-radius:0px;border-bottom-right-radius:0px;border-bottom-left-radius:0px;}.kadence-column521_d0cde4-6e > .kt-inside-inner-col{column-gap:var(--global-kb-gap-sm, 1rem);}.kadence-column521_d0cde4-6e > .kt-inside-inner-col{flex-direction:column;}.kadence-column521_d0cde4-6e > .kt-inside-inner-col > .aligncenter{width:100%;}.kadence-column521_d0cde4-6e > .kt-inside-inner-col:before{opacity:0.3;}.kadence-column521_d0cde4-6e{position:relative;}@media all and (max-width: 1024px){.kadence-column521_d0cde4-6e > .kt-inside-inner-col{flex-direction:column;justify-content:center;}}@media all and (max-width: 767px){.kadence-column521_d0cde4-6e > .kt-inside-inner-col{flex-direction:column;justify-content:center;}}<\/style>\n<div class=\"wp-block-kadence-column kadence-column521_d0cde4-6e\"><div class=\"kt-inside-inner-col\">\n<figure class=\"wp-block-image size-full\"><img loading=\"lazy\" decoding=\"async\" width=\"400\" height=\"225\" src=\"https:\/\/brotfarm.de\/wp-content\/uploads\/2024\/06\/image-72.png\" alt=\"\" class=\"wp-image-627\" srcset=\"https:\/\/brotfarm.de\/wp-content\/uploads\/2024\/06\/image-72.png 400w, https:\/\/brotfarm.de\/wp-content\/uploads\/2024\/06\/image-72-300x169.png 300w\" sizes=\"auto, (max-width: 400px) 100vw, 400px\" \/><\/figure>\n<\/div><\/div>\n\n\n<style>.kadence-column521_fa7c6c-e4 > .kt-inside-inner-col,.kadence-column521_fa7c6c-e4 > .kt-inside-inner-col:before{border-top-left-radius:0px;border-top-right-radius:0px;border-bottom-right-radius:0px;border-bottom-left-radius:0px;}.kadence-column521_fa7c6c-e4 > .kt-inside-inner-col{column-gap:var(--global-kb-gap-sm, 1rem);}.kadence-column521_fa7c6c-e4 > .kt-inside-inner-col{flex-direction:column;}.kadence-column521_fa7c6c-e4 > .kt-inside-inner-col > .aligncenter{width:100%;}.kadence-column521_fa7c6c-e4 > .kt-inside-inner-col:before{opacity:0.3;}.kadence-column521_fa7c6c-e4{position:relative;}@media all and (max-width: 1024px){.kadence-column521_fa7c6c-e4 > .kt-inside-inner-col{flex-direction:column;justify-content:center;}}@media all and (max-width: 767px){.kadence-column521_fa7c6c-e4 > .kt-inside-inner-col{flex-direction:column;justify-content:center;}}<\/style>\n<div class=\"wp-block-kadence-column kadence-column521_fa7c6c-e4\"><div class=\"kt-inside-inner-col\">\n<p class=\"has-large-font-size\"><strong><mark style=\"background-color:rgba(0, 0, 0, 0);color:#f41212\" class=\"has-inline-color\">Wichtiger Hinweis:&nbsp;<\/mark><\/strong><\/p>\n\n\n\n<p class=\"has-text-align-center\" style=\"font-size:15px\"><mark><mark style=\"background-color:#fff\" class=\"has-inline-color\"><em>Auf dem Bild liegen die Teile schon zu eng &#8211; habe 4 St\u00fcck separiert,&nbsp;da die H\u00f6rnchen noch extrem wachsen und sich ausdehnen!!!<\/em><\/mark><\/mark><\/p>\n<\/div><\/div>\n\n<\/div><\/div>\n\n\n<p>Das war es erstmal, denn jetzt gebt ihr&nbsp;die Sch\u00fcssel (nat\u00fcrlich mit Teig)&nbsp;in den K\u00fchlschrank und lasst das Ganze&nbsp;<strong>ca. 12<\/strong><strong>&nbsp;h oder mehr<\/strong>&nbsp;(\u00fcber Nacht halt) dort gehen.<\/p>\n\n\n\n<p><strong>E i n m al &nbsp; s c h l a f e n &#8230;<\/strong><\/p>\n\n\n\n<p>Am n\u00e4chsten Morgen nehmt ihr das Backblech aus dem K\u00fchlschrank. Dann ein Eigelb mit 3 El. Milch verquirlen und die H\u00f6rnchen damit bestreichen.<\/p>\n\n\n<style>.wp-block-kadence-advancedgallery .kb-gallery-type-masonry.kb-gallery-id-521_44c838-99{margin:-5px;}.kb-gallery-type-masonry.kb-gallery-id-521_44c838-99 .kadence-blocks-gallery-item{padding:5px;}.kb-gallery-id-521_44c838-99 .kadence-blocks-gallery-item .kb-gal-image-radius, .kb-gallery-id-521_44c838-99 .kb-slide-item .kb-gal-image-radius img{border-radius:0px 0px 0px 0px;;}.kb-gallery-caption-style-bottom.kb-gallery-id-521_44c838-99 .kadence-blocks-gallery-item .kadence-blocks-gallery-item-inner .kadence-blocks-gallery-item__caption, .kb-gallery-caption-style-bottom-hover.kb-gallery-id-521_44c838-99 .kadence-blocks-gallery-item .kadence-blocks-gallery-item-inner .kadence-blocks-gallery-item__caption{background:linear-gradient(0deg, rgba(0, 0, 0, 0.8) 0, rgba(0, 0, 0, 0) 100%);}<\/style><div class=\"kb-gallery-wrap-id-521_44c838-99 alignnone wp-block-kadence-advancedgallery\"><ul class=\"kb-gallery-ul kb-gallery-non-static kb-gallery-type-masonry kb-masonry-init kb-mobile-force-hover kb-gallery-id-521_44c838-99 kb-gallery-caption-style-bottom-hover kb-gallery-filter-none\" data-image-filter=\"none\" data-item-selector=\".kadence-blocks-gallery-item\" data-lightbox-caption=\"true\" data-columns-xxl=\"2\" data-columns-xl=\"2\" data-columns-md=\"2\" data-columns-sm=\"2\" data-columns-xs=\"1\" data-columns-ss=\"1\"><li class=\"kadence-blocks-gallery-item\" tabindex=\"0\"><div class=\"kadence-blocks-gallery-item-inner\"><figure class=\"kb-gallery-figure kadence-blocks-gallery-item-has-caption\"><div class=\"kb-gal-image-radius\" style=\"max-width:400px;\"><div class=\"kb-gallery-image-contain kadence-blocks-gallery-intrinsic\" style=\"padding-bottom:56%;\"><img loading=\"lazy\" decoding=\"async\" src=\"https:\/\/brotfarm.de\/wp-content\/uploads\/2024\/06\/image-70.png\" width=\"400\" height=\"225\" alt=\"\" data-full-image=\"https:\/\/brotfarm.de\/wp-content\/uploads\/2024\/06\/image-70.png\" data-light-image=\"https:\/\/brotfarm.de\/wp-content\/uploads\/2024\/06\/image-70.png\" data-id=\"625\" class=\"wp-image-625\" srcset=\"https:\/\/brotfarm.de\/wp-content\/uploads\/2024\/06\/image-70.png 400w, https:\/\/brotfarm.de\/wp-content\/uploads\/2024\/06\/image-70-300x169.png 300w\" sizes=\"auto, (max-width: 400px) 100vw, 400px\" \/><\/div><div class=\"kadence-blocks-gallery-item__caption\">4er Blech mit Ei-Milch Gemisch bestrichen&#8230;<\/div><\/div><\/figure><\/div><\/li><li class=\"kadence-blocks-gallery-item\" tabindex=\"0\"><div class=\"kadence-blocks-gallery-item-inner\"><figure class=\"kb-gallery-figure kadence-blocks-gallery-item-has-caption\"><div class=\"kb-gal-image-radius\" style=\"max-width:400px;\"><div class=\"kb-gallery-image-contain kadence-blocks-gallery-intrinsic\" style=\"padding-bottom:56%;\"><img loading=\"lazy\" decoding=\"async\" src=\"https:\/\/brotfarm.de\/wp-content\/uploads\/2024\/06\/image-71.png\" width=\"400\" height=\"225\" alt=\"\" data-full-image=\"https:\/\/brotfarm.de\/wp-content\/uploads\/2024\/06\/image-71.png\" data-light-image=\"https:\/\/brotfarm.de\/wp-content\/uploads\/2024\/06\/image-71.png\" data-id=\"626\" class=\"wp-image-626\" srcset=\"https:\/\/brotfarm.de\/wp-content\/uploads\/2024\/06\/image-71.png 400w, https:\/\/brotfarm.de\/wp-content\/uploads\/2024\/06\/image-71-300x169.png 300w\" sizes=\"auto, (max-width: 400px) 100vw, 400px\" \/><\/div><div class=\"kadence-blocks-gallery-item__caption\">8er Blech mit Ei-Milch Gemisch bestrichen&#8230;<\/div><\/div><\/figure><\/div><\/li><\/ul><\/div>\n\n\n<p>Etwa 30 Minuten bei Zimmertemperatur ruhen lassen und in der Zwischenzeit den Backofen auf 200\u00b0C Ober\/Unterhitze vorheizen.<\/p>\n\n\n\n<p>Die H\u00f6rnchen ca. 20 Minuten sch\u00f6n goldbraun backen.<\/p>\n\n\n<div class=\"wp-block-image\">\n<figure class=\"aligncenter size-full\"><img loading=\"lazy\" decoding=\"async\" width=\"400\" height=\"225\" src=\"https:\/\/brotfarm.de\/wp-content\/uploads\/2024\/06\/Fertige-Hoernchen.jpg\" alt=\"\" class=\"wp-image-1007\" srcset=\"https:\/\/brotfarm.de\/wp-content\/uploads\/2024\/06\/Fertige-Hoernchen.jpg 400w, https:\/\/brotfarm.de\/wp-content\/uploads\/2024\/06\/Fertige-Hoernchen-300x169.jpg 300w\" sizes=\"auto, (max-width: 400px) 100vw, 400px\" \/><figcaption class=\"wp-element-caption\"><em>Fertige Fr\u00fchst\u00fccksh\u00f6rnchen&#8230;<\/em><\/figcaption><\/figure>\n<\/div>\n\n\n<p><strong>Fertig\u2026.mmmhh &#8211; lecker!<\/strong><\/p>\n\n\n<div class=\"wp-block-image\">\n<figure class=\"aligncenter is-resized\"><a href=\"https:\/\/brotfarm.de\/?page_id=179\"><img loading=\"lazy\" decoding=\"async\" width=\"140\" height=\"100\" src=\"https:\/\/brotfarm.de\/wp-content\/uploads\/2024\/05\/Muetze-e1715334323522.jpg\" alt=\"\" class=\"wp-image-25\" style=\"width:140px;height:auto\"\/><\/a><\/figure>\n<\/div>","protected":false},"excerpt":{"rendered":"<p>Mit ca. 12 h \u00dcbernachtung im K\u00fchlschrank &#8211; sehen toll aus und schmecken Hammer &#8211; gerade richtig f\u00fcr das Fr\u00fchst\u00fcck am Sonntagmorgen! Die Herstellung ist einfacher als man denkt! Na dann kommen wir gleich mal zu den Zutaten f\u00fcr 12 H\u00f6rnchen: &nbsp;Ich mach das jetzt wieder ganz einfach &#8211; kommt n\u00e4mlich gleich Fu\u00dfball: Am Abend [&hellip;]<\/p>\n","protected":false},"author":1,"featured_media":0,"parent":0,"menu_order":0,"comment_status":"closed","ping_status":"closed","template":"","meta":{"ngg_post_thumbnail":0,"footnotes":""},"class_list":["post-521","page","type-page","status-publish","hentry"],"_links":{"self":[{"href":"https:\/\/brotfarm.de\/index.php?rest_route=\/wp\/v2\/pages\/521","targetHints":{"allow":["GET"]}}],"collection":[{"href":"https:\/\/brotfarm.de\/index.php?rest_route=\/wp\/v2\/pages"}],"about":[{"href":"https:\/\/brotfarm.de\/index.php?rest_route=\/wp\/v2\/types\/page"}],"author":[{"embeddable":true,"href":"https:\/\/brotfarm.de\/index.php?rest_route=\/wp\/v2\/users\/1"}],"replies":[{"embeddable":true,"href":"https:\/\/brotfarm.de\/index.php?rest_route=%2Fwp%2Fv2%2Fcomments&post=521"}],"version-history":[{"count":7,"href":"https:\/\/brotfarm.de\/index.php?rest_route=\/wp\/v2\/pages\/521\/revisions"}],"predecessor-version":[{"id":1072,"href":"https:\/\/brotfarm.de\/index.php?rest_route=\/wp\/v2\/pages\/521\/revisions\/1072"}],"wp:attachment":[{"href":"https:\/\/brotfarm.de\/index.php?rest_route=%2Fwp%2Fv2%2Fmedia&parent=521"}],"curies":[{"name":"wp","href":"https:\/\/api.w.org\/{rel}","templated":true}]}}