{"id":524,"date":"2024-06-01T16:03:15","date_gmt":"2024-06-01T16:03:15","guid":{"rendered":"https:\/\/brotfarm.de\/?page_id=524"},"modified":"2026-03-13T13:55:42","modified_gmt":"2026-03-13T13:55:42","slug":"28-2","status":"publish","type":"page","link":"https:\/\/brotfarm.de\/?page_id=524","title":{"rendered":"Dinkel &#8211; Landbrot"},"content":{"rendered":"\n<p><strong>Ein wenig mehr Arbeit &#8211; die sich aber lohnt&#8230;<\/strong><\/p>\n\n\n\n<p><strong>Wird in mehreren Arbeitsschritten hergestellt, aber das Meiste davon ist Wartezeit&#8230;g\u00e4hn!!!<\/strong><\/p>\n\n\n\n<p class=\"has-large-font-size\"><strong>Zutaten f\u00fcr 2 kleine Brote oder ein gro\u00dfes Brot:<\/strong><\/p>\n\n\n\n<h5 class=\"wp-block-heading has-large-font-size\">Starter :<\/h5>\n\n\n\n<ul class=\"wp-block-list\">\n<li>200 g Dinkelmehl 630<\/li>\n\n\n\n<li>50 g Roggenmehl 1150<\/li>\n\n\n\n<li>5 g Hefe<\/li>\n\n\n\n<li>5 g Salz<\/li>\n\n\n\n<li>175 g Wasser&nbsp;<\/li>\n<\/ul>\n\n\n\n<h5 class=\"wp-block-heading has-large-font-size\">Hauptteig:<\/h5>\n\n\n\n<ul class=\"wp-block-list\">\n<li>500 g Dinkelmehl 630<\/li>\n\n\n\n<li>100 g Roggenmehl 1150<\/li>\n\n\n\n<li>5 g Hefe<\/li>\n\n\n\n<li>15 g Salz<\/li>\n\n\n\n<li>400 g Wasser<\/li>\n\n\n\n<li>Starter<\/li>\n<\/ul>\n\n\n\n<p><strong>Hinweis:<\/strong>&nbsp;&nbsp;&nbsp;<\/p>\n\n\n\n<p><strong><mark style=\"background-color:rgba(0, 0, 0, 0);color:#f90e0e\" class=\"has-inline-color\">Ich habe mich f\u00fcr den&nbsp;<em>&#8222;Big Mac&#8220;<\/em>&nbsp;&#8211; also das gro\u00dfe Brot entschieden. Die kleinen werden von meinen beiden S\u00f6hnen mal eben eingeatmet und ich bekomme wieder nix ab!<\/mark><\/strong><\/p>\n\n\n\n\n\n<p>&nbsp;Sooo, dann lasst uns mal anfangen&#8230;<\/p>\n\n\n\n<h3 class=\"wp-block-heading\">1. Zubereitung des Starters:<\/h3>\n\n\n\n<ul class=\"wp-block-list\">\n<li>Die gesamten Zutaten zusammen vermischen<\/li>\n\n\n\n<li>mindestens 6 Stunden gehen lassen<\/li>\n\n\n\n<li>Entweder ihr setzt den Starter fr\u00fch morgens an und lasst ihn bis zum fr\u00fchen Nachmittag stehen<\/li>\n\n\n\n<li>oder ihr lasst den Starter \u00fcber Nacht stehen (im K\u00fchlschrank), lasst ihn aber am n\u00e4chsten Morgen erst Raumtemperatur annehmen und dann erst weiter verarbeiten<\/li>\n<\/ul>\n\n\n<div class=\"wp-block-image\">\n<figure class=\"aligncenter size-full\"><img loading=\"lazy\" decoding=\"async\" width=\"400\" height=\"225\" src=\"https:\/\/brotfarm.de\/wp-content\/uploads\/2024\/06\/image-77.png\" alt=\"\" class=\"wp-image-647\" srcset=\"https:\/\/brotfarm.de\/wp-content\/uploads\/2024\/06\/image-77.png 400w, https:\/\/brotfarm.de\/wp-content\/uploads\/2024\/06\/image-77-300x169.png 300w\" sizes=\"auto, (max-width: 400px) 100vw, 400px\" \/><figcaption class=\"wp-element-caption\"><em>Nach einer kalten Nacht im K\u00fchlschrank&#8230;<\/em><\/figcaption><\/figure>\n<\/div>\n\n\n<p><strong>Das war es jetzt eigentlich schon f\u00fcr Teil 1 &#8211; wenn ihr die \u00dcbernacht-Variante w\u00e4hlt, ist jetzt schon wieder Feierabend!<\/strong><\/p>\n\n\n\n<h3 class=\"wp-block-heading\">2.&nbsp;Weiterverarbeitung f\u00fcr das leckere Dinkel-Landbrot &#8211;&nbsp;bei mir ist das am Folgetag:<\/h3>\n\n\n\n<ul class=\"wp-block-list\">\n<li>Die Hefe und das Salz in&nbsp;<strong>warmen<\/strong>&nbsp;Wasser aufl\u00f6sen<\/li>\n\n\n\n<li>Dinkel- Roggenmehl und den Starter dazugeben<\/li>\n\n\n\n<li>zu einem homogenen Teig verarbeiten<\/li>\n\n\n\n<li>ca. 40 Min&nbsp;in einer Sch\u00fcssel stehen lassen&nbsp;<strong>(Erste Ruhephase = erste Kaffeepause)<\/strong><\/li>\n<\/ul>\n\n\n<div class=\"wp-block-image\">\n<figure class=\"aligncenter size-full\"><img loading=\"lazy\" decoding=\"async\" width=\"400\" height=\"225\" src=\"https:\/\/brotfarm.de\/wp-content\/uploads\/2024\/06\/image-78.png\" alt=\"\" class=\"wp-image-648\" srcset=\"https:\/\/brotfarm.de\/wp-content\/uploads\/2024\/06\/image-78.png 400w, https:\/\/brotfarm.de\/wp-content\/uploads\/2024\/06\/image-78-300x169.png 300w\" sizes=\"auto, (max-width: 400px) 100vw, 400px\" \/><figcaption class=\"wp-element-caption\"><em>Vor der ersten Kaffeepause&#8230;<\/em><\/figcaption><\/figure>\n<\/div>\n\n\n<ul class=\"wp-block-list\">\n<li>Nach der Ruhezeit den Teig auf die bemehlte Arbeitsfl\u00e4che geben und ordentlich durchkneten<\/li>\n\n\n\n<li>zu einem Ball formen und&nbsp;<strong>1 Stunde<\/strong>&nbsp;gehen lassen&nbsp;<strong>(Erster G\u00e4rungsprozess = 2te Kaffeepause)<\/strong><\/li>\n<\/ul>\n\n\n<style>.wp-block-kadence-advancedgallery .kb-gallery-type-masonry.kb-gallery-id-524_f3eddc-8f{margin:-5px;}.kb-gallery-type-masonry.kb-gallery-id-524_f3eddc-8f .kadence-blocks-gallery-item{padding:5px;}.kb-gallery-id-524_f3eddc-8f .kadence-blocks-gallery-item .kb-gal-image-radius, .kb-gallery-id-524_f3eddc-8f .kb-slide-item .kb-gal-image-radius img{border-radius:0px 0px 0px 0px;;}.kb-gallery-caption-style-bottom.kb-gallery-id-524_f3eddc-8f .kadence-blocks-gallery-item .kadence-blocks-gallery-item-inner .kadence-blocks-gallery-item__caption, .kb-gallery-caption-style-bottom-hover.kb-gallery-id-524_f3eddc-8f .kadence-blocks-gallery-item .kadence-blocks-gallery-item-inner .kadence-blocks-gallery-item__caption{background:linear-gradient(0deg, rgba(0, 0, 0, 0.8) 0, rgba(0, 0, 0, 0) 100%);}<\/style><div class=\"kb-gallery-wrap-id-524_f3eddc-8f alignnone wp-block-kadence-advancedgallery\"><ul class=\"kb-gallery-ul kb-gallery-non-static kb-gallery-type-masonry kb-masonry-init kb-gallery-id-524_f3eddc-8f kb-gallery-caption-style-bottom kb-gallery-filter-none\" data-image-filter=\"none\" data-item-selector=\".kadence-blocks-gallery-item\" data-lightbox-caption=\"true\" data-columns-xxl=\"2\" data-columns-xl=\"2\" data-columns-md=\"2\" data-columns-sm=\"2\" data-columns-xs=\"1\" data-columns-ss=\"1\"><li class=\"kadence-blocks-gallery-item\"><div class=\"kadence-blocks-gallery-item-inner\"><figure class=\"kb-gallery-figure kadence-blocks-gallery-item-has-caption\"><div class=\"kb-gal-image-radius\" style=\"max-width:400px;\"><div class=\"kb-gallery-image-contain kadence-blocks-gallery-intrinsic\" style=\"padding-bottom:75%;\"><img loading=\"lazy\" decoding=\"async\" src=\"https:\/\/brotfarm.de\/wp-content\/uploads\/2024\/06\/image-79.png\" width=\"400\" height=\"300\" alt=\"\" data-full-image=\"https:\/\/brotfarm.de\/wp-content\/uploads\/2024\/06\/image-79.png\" data-light-image=\"https:\/\/brotfarm.de\/wp-content\/uploads\/2024\/06\/image-79.png\" data-id=\"649\" class=\"wp-image-649\" srcset=\"https:\/\/brotfarm.de\/wp-content\/uploads\/2024\/06\/image-79.png 400w, https:\/\/brotfarm.de\/wp-content\/uploads\/2024\/06\/image-79-300x225.png 300w\" sizes=\"auto, (max-width: 400px) 100vw, 400px\" \/><\/div><div class=\"kadence-blocks-gallery-item__caption\">Hier starten wir den ersten G\u00e4rungsprozess&#8230;<\/div><\/div><\/figure><\/div><\/li><li class=\"kadence-blocks-gallery-item\"><div class=\"kadence-blocks-gallery-item-inner\"><figure class=\"kb-gallery-figure kadence-blocks-gallery-item-has-caption\"><div class=\"kb-gal-image-radius\" style=\"max-width:400px;\"><div class=\"kb-gallery-image-contain kadence-blocks-gallery-intrinsic\" style=\"padding-bottom:75%;\"><img loading=\"lazy\" decoding=\"async\" src=\"https:\/\/brotfarm.de\/wp-content\/uploads\/2024\/06\/image-80.png\" width=\"400\" height=\"300\" alt=\"\" data-full-image=\"https:\/\/brotfarm.de\/wp-content\/uploads\/2024\/06\/image-80.png\" data-light-image=\"https:\/\/brotfarm.de\/wp-content\/uploads\/2024\/06\/image-80.png\" data-id=\"650\" class=\"wp-image-650\" srcset=\"https:\/\/brotfarm.de\/wp-content\/uploads\/2024\/06\/image-80.png 400w, https:\/\/brotfarm.de\/wp-content\/uploads\/2024\/06\/image-80-300x225.png 300w\" sizes=\"auto, (max-width: 400px) 100vw, 400px\" \/><\/div><div class=\"kadence-blocks-gallery-item__caption\">Sch\u00f6n zudecken, damit er nicht friert&#8230;<\/div><\/div><\/figure><\/div><\/li><\/ul><\/div>\n\n\n<p><strong>Option f\u00fcr zwei kleine Brote:<\/strong><\/p>\n\n\n\n<ul class=\"wp-block-list\">\n<li>Teig auf der bemehlten Arbeitsfl\u00e4che in zwei gleich gro\u00dfe St\u00fccke teilen<\/li>\n\n\n\n<li>noch einmal durchkneten und wer mag zu runden Brotlaiben formen<\/li>\n\n\n\n<li>diese in zwei bemehlte G\u00e4rk\u00f6rbe geben<\/li>\n<\/ul>\n\n\n\n<p><strong>Option f\u00fcr ein gro\u00dfes Brot:<\/strong><\/p>\n\n\n\n<ul class=\"wp-block-list\">\n<li>Teig auf der bemehlten Arbeitsfl\u00e4che<\/li>\n\n\n\n<li>noch einmal durchkneten und zu einem runden Brotlaib formen<\/li>\n\n\n\n<li>diesen in einen bemehlten G\u00e4rk\u00f6rbe geben<\/li>\n<\/ul>\n\n\n<style>.wp-block-kadence-advancedgallery .kb-gallery-type-masonry.kb-gallery-id-524_9402f4-93{margin:-5px;}.kb-gallery-type-masonry.kb-gallery-id-524_9402f4-93 .kadence-blocks-gallery-item{padding:5px;}.kb-gallery-id-524_9402f4-93 .kadence-blocks-gallery-item .kb-gal-image-radius, .kb-gallery-id-524_9402f4-93 .kb-slide-item .kb-gal-image-radius img{border-radius:0px 0px 0px 0px;;}.kb-gallery-caption-style-cover-hover.kb-gallery-id-524_9402f4-93 .kadence-blocks-gallery-item .kadence-blocks-gallery-item-inner .kadence-blocks-gallery-item__caption, .kb-gallery-caption-style-below.kb-gallery-id-524_9402f4-93 .kadence-blocks-gallery-item .kadence-blocks-gallery-item-inner .kadence-blocks-gallery-item__caption{background:rgba(0, 0, 0, 0.8);}<\/style><div class=\"kb-gallery-wrap-id-524_9402f4-93 alignnone wp-block-kadence-advancedgallery\"><ul class=\"kb-gallery-ul kb-gallery-non-static kb-gallery-type-masonry kb-masonry-init kb-gallery-id-524_9402f4-93 kb-gallery-caption-style-below kb-gallery-filter-none\" data-image-filter=\"none\" data-item-selector=\".kadence-blocks-gallery-item\" data-lightbox-caption=\"true\" data-columns-xxl=\"3\" data-columns-xl=\"3\" data-columns-md=\"3\" data-columns-sm=\"2\" data-columns-xs=\"1\" data-columns-ss=\"1\"><li class=\"kadence-blocks-gallery-item\"><div class=\"kadence-blocks-gallery-item-inner\"><figure class=\"kb-gallery-figure kadence-blocks-gallery-item-has-caption\" style=\"max-width:400px;\"><div class=\"kb-gal-image-radius\" style=\"max-width:400px;\"><div class=\"kb-gallery-image-contain kadence-blocks-gallery-intrinsic\" style=\"padding-bottom:75%;\"><img loading=\"lazy\" decoding=\"async\" src=\"https:\/\/brotfarm.de\/wp-content\/uploads\/2024\/06\/image-82.png\" width=\"400\" height=\"300\" alt=\"\" data-full-image=\"https:\/\/brotfarm.de\/wp-content\/uploads\/2024\/06\/image-82.png\" data-light-image=\"https:\/\/brotfarm.de\/wp-content\/uploads\/2024\/06\/image-82.png\" data-id=\"652\" class=\"wp-image-652\" srcset=\"https:\/\/brotfarm.de\/wp-content\/uploads\/2024\/06\/image-82.png 400w, https:\/\/brotfarm.de\/wp-content\/uploads\/2024\/06\/image-82-300x225.png 300w\" sizes=\"auto, (max-width: 400px) 100vw, 400px\" \/><\/div><\/div><figcaption class=\"kadence-blocks-gallery-item__caption\">Wer keinen G\u00e4rkorb hat, der bastelt sich einen. Eine Sch\u00fcssel und ein sauberes Tuch mit Mehl best\u00e4uben &#8211; Fertig!<\/figcaption><\/figure><\/div><\/li><li class=\"kadence-blocks-gallery-item\"><div class=\"kadence-blocks-gallery-item-inner\"><figure class=\"kb-gallery-figure kadence-blocks-gallery-item-has-caption\" style=\"max-width:400px;\"><div class=\"kb-gal-image-radius\" style=\"max-width:400px;\"><div class=\"kb-gallery-image-contain kadence-blocks-gallery-intrinsic\" style=\"padding-bottom:75%;\"><img loading=\"lazy\" decoding=\"async\" src=\"https:\/\/brotfarm.de\/wp-content\/uploads\/2024\/06\/image-83.png\" width=\"400\" height=\"300\" alt=\"\" data-full-image=\"https:\/\/brotfarm.de\/wp-content\/uploads\/2024\/06\/image-83.png\" data-light-image=\"https:\/\/brotfarm.de\/wp-content\/uploads\/2024\/06\/image-83.png\" data-id=\"653\" class=\"wp-image-653\" srcset=\"https:\/\/brotfarm.de\/wp-content\/uploads\/2024\/06\/image-83.png 400w, https:\/\/brotfarm.de\/wp-content\/uploads\/2024\/06\/image-83-300x225.png 300w\" sizes=\"auto, (max-width: 400px) 100vw, 400px\" \/><\/div><\/div><figcaption class=\"kadence-blocks-gallery-item__caption\">Teig reinlegen&#8230;<\/figcaption><\/figure><\/div><\/li><li class=\"kadence-blocks-gallery-item\"><div class=\"kadence-blocks-gallery-item-inner\"><figure class=\"kb-gallery-figure kadence-blocks-gallery-item-has-caption\" style=\"max-width:400px;\"><div class=\"kb-gal-image-radius\" style=\"max-width:400px;\"><div class=\"kb-gallery-image-contain kadence-blocks-gallery-intrinsic\" style=\"padding-bottom:75%;\"><img loading=\"lazy\" decoding=\"async\" src=\"https:\/\/brotfarm.de\/wp-content\/uploads\/2024\/06\/image-84.png\" width=\"400\" height=\"300\" alt=\"\" data-full-image=\"https:\/\/brotfarm.de\/wp-content\/uploads\/2024\/06\/image-84.png\" data-light-image=\"https:\/\/brotfarm.de\/wp-content\/uploads\/2024\/06\/image-84.png\" data-id=\"654\" class=\"wp-image-654\" srcset=\"https:\/\/brotfarm.de\/wp-content\/uploads\/2024\/06\/image-84.png 400w, https:\/\/brotfarm.de\/wp-content\/uploads\/2024\/06\/image-84-300x225.png 300w\" sizes=\"auto, (max-width: 400px) 100vw, 400px\" \/><\/div><\/div><figcaption class=\"kadence-blocks-gallery-item__caption\">Deckel drauf und sich auf die n\u00e4chste Kaffeepause konzentrieren&#8230;<\/figcaption><\/figure><\/div><\/li><\/ul><\/div>\n\n\n<ul class=\"wp-block-list\">\n<li><strong>1 Std \u2013 1 1\/2 Std<\/strong>&nbsp;gehen lassen.&nbsp;<strong>(2ter G\u00e4rungsprozess = 3te Kaffeepause &#8211; geht auch mit Tee!)<\/strong><\/li>\n<\/ul>\n\n\n\n<ul class=\"wp-block-list\">\n<li>Jetzt sollte sich das Volumen deutlich vergr\u00f6\u00dfert haben<\/li>\n\n\n\n<li>Den Backofen auf 250 \u00b0C Ober- \/Unterhitze vorheizen und eine backfeste Form mit Wasser in den Backofen stellen<\/li>\n\n\n\n<li>Das Brot auf ein mit Backpapier ausgelegten Backblech st\u00fcrzen und ringf\u00f6rmig einschneiden\n<ul class=\"wp-block-list\">\n<li><strong>Ich nutze einen Pizzastein und st\u00fcrze Den Teig auf einen Brotschieber<\/strong><\/li>\n<\/ul>\n<\/li>\n<\/ul>\n\n\n<div class=\"wp-block-image\">\n<figure class=\"aligncenter size-full\"><img loading=\"lazy\" decoding=\"async\" width=\"400\" height=\"300\" src=\"https:\/\/brotfarm.de\/wp-content\/uploads\/2024\/06\/Auf-Schieber-stuerzen.jpg\" alt=\"\" class=\"wp-image-1021\" srcset=\"https:\/\/brotfarm.de\/wp-content\/uploads\/2024\/06\/Auf-Schieber-stuerzen.jpg 400w, https:\/\/brotfarm.de\/wp-content\/uploads\/2024\/06\/Auf-Schieber-stuerzen-300x225.jpg 300w\" sizes=\"auto, (max-width: 400px) 100vw, 400px\" \/><figcaption class=\"wp-element-caption\"><em>Hier st\u00fcrze ich den Teig auf den Brotschieber, den ihr fast nur erahnen k\u00f6nnt&#8230;<\/em><\/figcaption><\/figure>\n<\/div>\n\n\n<ul class=\"wp-block-list\">\n<li>Egal wie, das oder die Teil(e) muss (m\u00fcssen) jetzt in den Backofen!!!<\/li>\n\n\n\n<li>ca.&nbsp;<strong>5 Min bei 250 \u00b0C<\/strong>&nbsp;backen und danach&nbsp;<strong>kurz Dampf ablassen<\/strong>&nbsp;und die&nbsp;<strong>Hitze auf 220 \u00b0C<\/strong>&nbsp;reduzieren<\/li>\n\n\n\n<li>Die gesamte Backzeit ist bei mir ca. 40 Minuten &#8211; m\u00fcsst ihr aber ausprobieren&#8230;<\/li>\n<\/ul>\n\n\n\n<p>&#8230;jeder Ofen ist anders &#8211; wenn es fertig ist sollte es irgendwie goldgelb aussehen!<\/p>\n\n\n\n<p><strong>Oder so&#8230;<\/strong><\/p>\n\n\n<div class=\"wp-block-image\">\n<figure class=\"aligncenter size-full\"><img loading=\"lazy\" decoding=\"async\" width=\"400\" height=\"300\" src=\"https:\/\/brotfarm.de\/wp-content\/uploads\/2024\/06\/Fertig-2-1.jpg\" alt=\"\" class=\"wp-image-1017\" srcset=\"https:\/\/brotfarm.de\/wp-content\/uploads\/2024\/06\/Fertig-2-1.jpg 400w, https:\/\/brotfarm.de\/wp-content\/uploads\/2024\/06\/Fertig-2-1-300x225.jpg 300w\" sizes=\"auto, (max-width: 400px) 100vw, 400px\" \/><\/figure>\n<\/div>\n\n\n<p><strong>&#8230;und schmecken wird es ganz bestimmt!<\/strong><\/p>\n\n\n\n<p><br><strong>Fertig\u2026.mmmhh &#8211; lecker!<\/strong><\/p>\n\n\n<div class=\"wp-block-image\">\n<figure class=\"aligncenter is-resized\"><a href=\"https:\/\/brotfarm.de\/?page_id=179\"><img loading=\"lazy\" decoding=\"async\" width=\"140\" height=\"100\" src=\"https:\/\/brotfarm.de\/wp-content\/uploads\/2024\/05\/Muetze-e1715334323522.jpg\" alt=\"\" class=\"wp-image-25\" style=\"width:140px;height:auto\"\/><\/a><\/figure>\n<\/div>","protected":false},"excerpt":{"rendered":"<p>Ein wenig mehr Arbeit &#8211; die sich aber lohnt&#8230; Wird in mehreren Arbeitsschritten hergestellt, aber das Meiste davon ist Wartezeit&#8230;g\u00e4hn!!! Zutaten f\u00fcr 2 kleine Brote oder ein gro\u00dfes Brot: Starter : Hauptteig: Hinweis:&nbsp;&nbsp;&nbsp; Ich habe mich f\u00fcr den&nbsp;&#8222;Big Mac&#8220;&nbsp;&#8211; also das gro\u00dfe Brot entschieden. Die kleinen werden von meinen beiden S\u00f6hnen mal eben eingeatmet und [&hellip;]<\/p>\n","protected":false},"author":1,"featured_media":0,"parent":0,"menu_order":0,"comment_status":"closed","ping_status":"closed","template":"","meta":{"ngg_post_thumbnail":0,"footnotes":""},"class_list":["post-524","page","type-page","status-publish","hentry"],"_links":{"self":[{"href":"https:\/\/brotfarm.de\/index.php?rest_route=\/wp\/v2\/pages\/524","targetHints":{"allow":["GET"]}}],"collection":[{"href":"https:\/\/brotfarm.de\/index.php?rest_route=\/wp\/v2\/pages"}],"about":[{"href":"https:\/\/brotfarm.de\/index.php?rest_route=\/wp\/v2\/types\/page"}],"author":[{"embeddable":true,"href":"https:\/\/brotfarm.de\/index.php?rest_route=\/wp\/v2\/users\/1"}],"replies":[{"embeddable":true,"href":"https:\/\/brotfarm.de\/index.php?rest_route=%2Fwp%2Fv2%2Fcomments&post=524"}],"version-history":[{"count":6,"href":"https:\/\/brotfarm.de\/index.php?rest_route=\/wp\/v2\/pages\/524\/revisions"}],"predecessor-version":[{"id":1074,"href":"https:\/\/brotfarm.de\/index.php?rest_route=\/wp\/v2\/pages\/524\/revisions\/1074"}],"wp:attachment":[{"href":"https:\/\/brotfarm.de\/index.php?rest_route=%2Fwp%2Fv2%2Fmedia&parent=524"}],"curies":[{"name":"wp","href":"https:\/\/api.w.org\/{rel}","templated":true}]}}