{"id":529,"date":"2024-06-01T16:03:15","date_gmt":"2024-06-01T16:03:15","guid":{"rendered":"https:\/\/brotfarm.de\/?page_id=529"},"modified":"2024-06-08T14:36:03","modified_gmt":"2024-06-08T14:36:03","slug":"33-2","status":"publish","type":"page","link":"https:\/\/brotfarm.de\/?page_id=529","title":{"rendered":"Helle(s) Knusperbr\u00f6tchen oder -brot"},"content":{"rendered":"<style>.wp-block-kadence-advancedheading.kt-adv-heading529_296ba2-63, .wp-block-kadence-advancedheading.kt-adv-heading529_296ba2-63[data-kb-block=\"kb-adv-heading529_296ba2-63\"]{font-style:normal;}.wp-block-kadence-advancedheading.kt-adv-heading529_296ba2-63 mark.kt-highlight, .wp-block-kadence-advancedheading.kt-adv-heading529_296ba2-63[data-kb-block=\"kb-adv-heading529_296ba2-63\"] mark.kt-highlight{font-style:normal;color:#f76a0c;-webkit-box-decoration-break:clone;box-decoration-break:clone;padding-top:0px;padding-right:0px;padding-bottom:0px;padding-left:0px;}.wp-block-kadence-advancedheading.kt-adv-heading529_296ba2-63 img.kb-inline-image, .wp-block-kadence-advancedheading.kt-adv-heading529_296ba2-63[data-kb-block=\"kb-adv-heading529_296ba2-63\"] img.kb-inline-image{width:150px;vertical-align:baseline;}<\/style>\n<h1 class=\"kt-adv-heading529_296ba2-63 wp-block-kadence-advancedheading\" data-kb-block=\"kb-adv-heading529_296ba2-63\"><strong><mark style=\"background-color:rgba(0, 0, 0, 0);color:#f61616\" class=\"has-inline-color\"><em>Hilfe&#8230;..!!!<\/em><\/mark><\/strong><\/h1>\n\n\n\n<h2 class=\"wp-block-heading has-normal-font-size\"><strong>Ich kann mich gar nicht entscheiden&#8230;<\/strong><\/h2>\n\n\n\n<h2 class=\"wp-block-heading has-text-align-center has-normal-font-size\"><strong><em>&#8230;soll ich jetzt Brot oder Br\u00f6tchen backen?<\/em><\/strong><\/h2>\n\n\n<style>.wp-block-kadence-advancedgallery .kb-gallery-type-masonry.kb-gallery-id-529_c3bb41-67{margin:-5px;}.kb-gallery-type-masonry.kb-gallery-id-529_c3bb41-67 .kadence-blocks-gallery-item{padding:5px;}.kb-gallery-id-529_c3bb41-67 .kadence-blocks-gallery-item .kb-gal-image-radius, .kb-gallery-id-529_c3bb41-67 .kb-slide-item .kb-gal-image-radius img{border-radius:0px 0px 0px 0px;;}<\/style><div class=\"kb-gallery-wrap-id-529_c3bb41-67 alignnone wp-block-kadence-advancedgallery\"><ul class=\"kb-gallery-ul kb-gallery-non-static kb-gallery-type-masonry kb-masonry-init kb-gallery-id-529_c3bb41-67 kb-gallery-caption-style-bottom-hover kb-gallery-filter-none\" data-image-filter=\"none\" data-item-selector=\".kadence-blocks-gallery-item\" data-lightbox-caption=\"true\" data-columns-xxl=\"2\" data-columns-xl=\"2\" data-columns-md=\"2\" data-columns-sm=\"2\" data-columns-xs=\"1\" data-columns-ss=\"1\"><li class=\"kadence-blocks-gallery-item\" tabindex=\"0\"><div class=\"kadence-blocks-gallery-item-inner\"><figure class=\"kb-gallery-figure kadence-blocks-gallery-item-hide-caption\"><div class=\"kb-gal-image-radius\" style=\"max-width:400px;\"><div class=\"kb-gallery-image-contain kadence-blocks-gallery-intrinsic\" style=\"padding-bottom:75%;\"><img loading=\"lazy\" decoding=\"async\" src=\"https:\/\/brotfarm.de\/wp-content\/uploads\/2024\/06\/image-101.png\" width=\"400\" height=\"300\" alt=\"\" data-full-image=\"https:\/\/brotfarm.de\/wp-content\/uploads\/2024\/06\/image-101.png\" data-light-image=\"https:\/\/brotfarm.de\/wp-content\/uploads\/2024\/06\/image-101.png\" data-id=\"691\" class=\"wp-image-691\" srcset=\"https:\/\/brotfarm.de\/wp-content\/uploads\/2024\/06\/image-101.png 400w, https:\/\/brotfarm.de\/wp-content\/uploads\/2024\/06\/image-101-300x225.png 300w\" sizes=\"auto, (max-width: 400px) 100vw, 400px\" \/><\/div><\/div><\/figure><\/div><\/li><li class=\"kadence-blocks-gallery-item\" tabindex=\"0\"><div class=\"kadence-blocks-gallery-item-inner\"><figure class=\"kb-gallery-figure kadence-blocks-gallery-item-hide-caption\"><div class=\"kb-gal-image-radius\" style=\"max-width:400px;\"><div class=\"kb-gallery-image-contain kadence-blocks-gallery-intrinsic\" style=\"padding-bottom:75%;\"><img loading=\"lazy\" decoding=\"async\" src=\"https:\/\/brotfarm.de\/wp-content\/uploads\/2024\/06\/image-102.png\" width=\"400\" height=\"300\" alt=\"\" data-full-image=\"https:\/\/brotfarm.de\/wp-content\/uploads\/2024\/06\/image-102.png\" data-light-image=\"https:\/\/brotfarm.de\/wp-content\/uploads\/2024\/06\/image-102.png\" data-id=\"692\" class=\"wp-image-692\" srcset=\"https:\/\/brotfarm.de\/wp-content\/uploads\/2024\/06\/image-102.png 400w, https:\/\/brotfarm.de\/wp-content\/uploads\/2024\/06\/image-102-300x225.png 300w\" sizes=\"auto, (max-width: 400px) 100vw, 400px\" \/><\/div><\/div><\/figure><\/div><\/li><\/ul><\/div>\n\n\n<p class=\"has-text-align-center\"><strong>EGAL &#8211;&nbsp;<em>Hauptsache Legger Herr B\u00e4gger!!!<\/em><\/strong><\/p>\n\n\n\n<p class=\"has-text-align-center\">&#8211; <strong>Und wieder mal mit \u00dcbernachtung im K\u00fchlschrank<\/strong> &#8211;<\/p>\n\n\n\n<p><strong>Da hat man ja schon wieder die Qual der Wahl mit dem Thema: &#8222;Entweder die Brot &#8211; oder die Br\u00f6tchenvariante&#8230;&#8220;<\/strong><\/p>\n\n\n\n<p><em>Das w\u00e4re dann aber auch schon alles, was man mit Stress in Verbindung bringen k\u00f6nnte, denn die Zutaten und die Zubereitung ist in beiden F\u00e4llen ann\u00e4hernd gleich &#8211; vielleicht ein wenig mehr Arbeit bei den Br\u00f6tchen!<\/em><\/p>\n\n\n\n<p class=\"has-large-font-size\"><strong>Die Zutaten:<\/strong><\/p>\n\n\n\n<ul class=\"wp-block-list\">\n<li><strong>500g Weizenmehl Type 550<\/strong><\/li>\n\n\n\n<li><strong>20g frische Hefe<\/strong><\/li>\n\n\n\n<li><strong>250 g lauwarmes Wasser<\/strong><\/li>\n\n\n\n<li><strong>50 g lauwarme Milch<\/strong><\/li>\n\n\n\n<li><strong>50 g fl\u00fcssige Butter<\/strong><\/li>\n\n\n\n<li><strong>1 TL Honig oder Zucker<\/strong><\/li>\n\n\n\n<li><strong>10 g Backmalz<\/strong><\/li>\n\n\n\n<li><strong>10 &#8211; 15 g Meersalz (Je nach Geschmack)<\/strong><\/li>\n<\/ul>\n\n\n\n<p><\/p>\n\n\n\n<p class=\"has-large-font-size\"><strong>Die Zubereitung &#8211; Teil 1:<\/strong><\/p>\n\n\n\n<ul class=\"wp-block-list\">\n<li><strong>Zuerst vermengen wir die Hefe mit dem lauwarmen Wasser, der lauwarmen Milch und dem Honig \/ Zucker.<\/strong><\/li>\n\n\n\n<li><strong>Jetzt noch die Butter z. B. in der Mikrowelle schmelzen und danach alles zu einem geschmeidigen Teig kneten.<\/strong>\n<ul class=\"wp-block-list\">\n<li><em>&nbsp;<strong>Das geht mit den H\u00e4nden&nbsp;(Uff),&nbsp;mit einem Handr\u00fchrger\u00e4t&nbsp;(Uff)&nbsp;oder mit &#8222;the machine&#8220;&nbsp;(Ahhh&#8230;)<\/strong><\/em><\/li>\n<\/ul>\n<\/li>\n\n\n\n<li><strong>Nun alles in eine G\u00e4rsch\u00fcssel mit Deckel oder \u00c4hnliches und abgedeckt f\u00fcr mindestens 12 Stunden in den K\u00fchlschrank!<\/strong><\/li>\n<\/ul>\n\n\n\n<p><\/p>\n\n\n\n<p class=\"has-large-font-size\"><strong>Die Zubereitung &#8211; Teil 2:<\/strong><\/p>\n\n\n\n<ul class=\"wp-block-list\">\n<li><strong>Am n\u00e4chsten Tag geben wir den Teig auf eine bemehlte Arbeitsfl\u00e4che.<\/strong><\/li>\n<\/ul>\n\n\n\n<p class=\"has-normal-font-size\"><strong><em>Jetzt zu den Varianten mit dem Hinweis: <strong><mark style=\"background-color:rgba(0, 0, 0, 0);color:#f21f1f\" class=\"has-inline-color\">Bitte nicht mehr kneten!!!!<\/mark><\/strong><\/em><\/strong><\/p>\n\n\n\n<p class=\"has-large-font-size\"><strong>1)&nbsp;&nbsp;&nbsp;&nbsp;Br\u00f6tchen:<\/strong><\/p>\n\n\n\n<ul class=\"wp-block-list\">\n<li><strong><em>ca. 8 Teile abstechen, in Mehl w\u00e4lzen und etwas&nbsp;<\/em>falten<em>&nbsp;um sie am Schlu\u00df zu runden Kugeln oder ovalen Teilen zu formen.<\/em><\/strong><\/li>\n<\/ul>\n\n\n\n<p class=\"has-large-font-size\"><strong>2)&nbsp;&nbsp;&nbsp; Ein oder mehr Brote:<\/strong><\/p>\n\n\n\n<ul class=\"wp-block-list\">\n<li><strong><em><strong><em><strong><em>Entweder den gesamten Teig oder nochmal geteilt in Mehl w\u00e4lzen und etwas&nbsp;falten&nbsp;um ihn am Schlu\u00df zu einem oder zwei Brotlaiben zu formen.<\/em><\/strong><\/em><\/strong><\/em><\/strong><\/li>\n\n\n\n<li><strong>Die fertigen Formen&nbsp;auf ein mit Backpapier ausgelegtes Backblech legen und mit einem scharfen Messer tief einschneiden&#8230;<\/strong>\n<ul class=\"wp-block-list\">\n<li><strong><em>(Ich lege Dauerbackfolie auf einen Brotschieber)<\/em><\/strong><\/li>\n<\/ul>\n<\/li>\n<\/ul>\n\n\n<style>.wp-block-kadence-advancedgallery .kb-gallery-type-masonry.kb-gallery-id-529_0f2ea4-e9{margin:-5px;}.kb-gallery-type-masonry.kb-gallery-id-529_0f2ea4-e9 .kadence-blocks-gallery-item{padding:5px;}.kb-gallery-id-529_0f2ea4-e9 .kadence-blocks-gallery-item .kb-gal-image-radius, .kb-gallery-id-529_0f2ea4-e9 .kb-slide-item .kb-gal-image-radius img{border-radius:0px 0px 0px 0px;;}<\/style><div class=\"kb-gallery-wrap-id-529_0f2ea4-e9 alignnone wp-block-kadence-advancedgallery\"><ul class=\"kb-gallery-ul kb-gallery-non-static kb-gallery-type-masonry kb-masonry-init kb-gallery-id-529_0f2ea4-e9 kb-gallery-caption-style-bottom-hover kb-gallery-filter-none\" data-image-filter=\"none\" data-item-selector=\".kadence-blocks-gallery-item\" data-lightbox-caption=\"true\" data-columns-xxl=\"3\" data-columns-xl=\"3\" data-columns-md=\"3\" data-columns-sm=\"2\" data-columns-xs=\"1\" data-columns-ss=\"1\"><li class=\"kadence-blocks-gallery-item\" tabindex=\"0\"><div class=\"kadence-blocks-gallery-item-inner\"><figure class=\"kb-gallery-figure kadence-blocks-gallery-item-hide-caption\"><div class=\"kb-gal-image-radius\" style=\"max-width:400px;\"><div class=\"kb-gallery-image-contain kadence-blocks-gallery-intrinsic\" style=\"padding-bottom:75%;\"><img loading=\"lazy\" decoding=\"async\" src=\"https:\/\/brotfarm.de\/wp-content\/uploads\/2024\/06\/image-103.png\" width=\"400\" height=\"300\" alt=\"\" data-full-image=\"https:\/\/brotfarm.de\/wp-content\/uploads\/2024\/06\/image-103.png\" data-light-image=\"https:\/\/brotfarm.de\/wp-content\/uploads\/2024\/06\/image-103.png\" data-id=\"693\" class=\"wp-image-693\" srcset=\"https:\/\/brotfarm.de\/wp-content\/uploads\/2024\/06\/image-103.png 400w, https:\/\/brotfarm.de\/wp-content\/uploads\/2024\/06\/image-103-300x225.png 300w\" sizes=\"auto, (max-width: 400px) 100vw, 400px\" \/><\/div><\/div><\/figure><\/div><\/li><li class=\"kadence-blocks-gallery-item\" tabindex=\"0\"><div class=\"kadence-blocks-gallery-item-inner\"><figure class=\"kb-gallery-figure kadence-blocks-gallery-item-hide-caption\"><div class=\"kb-gal-image-radius\" style=\"max-width:400px;\"><div class=\"kb-gallery-image-contain kadence-blocks-gallery-intrinsic\" style=\"padding-bottom:75%;\"><img loading=\"lazy\" decoding=\"async\" src=\"https:\/\/brotfarm.de\/wp-content\/uploads\/2024\/06\/image-108.png\" width=\"400\" height=\"300\" alt=\"\" data-full-image=\"https:\/\/brotfarm.de\/wp-content\/uploads\/2024\/06\/image-108.png\" data-light-image=\"https:\/\/brotfarm.de\/wp-content\/uploads\/2024\/06\/image-108.png\" data-id=\"698\" class=\"wp-image-698\" srcset=\"https:\/\/brotfarm.de\/wp-content\/uploads\/2024\/06\/image-108.png 400w, https:\/\/brotfarm.de\/wp-content\/uploads\/2024\/06\/image-108-300x225.png 300w\" sizes=\"auto, (max-width: 400px) 100vw, 400px\" \/><\/div><\/div><\/figure><\/div><\/li><li class=\"kadence-blocks-gallery-item\" tabindex=\"0\"><div class=\"kadence-blocks-gallery-item-inner\"><figure class=\"kb-gallery-figure kadence-blocks-gallery-item-hide-caption\"><div class=\"kb-gal-image-radius\" style=\"max-width:400px;\"><div class=\"kb-gallery-image-contain kadence-blocks-gallery-intrinsic\" style=\"padding-bottom:75%;\"><img loading=\"lazy\" decoding=\"async\" src=\"https:\/\/brotfarm.de\/wp-content\/uploads\/2024\/06\/image-107.png\" width=\"400\" height=\"300\" alt=\"\" data-full-image=\"https:\/\/brotfarm.de\/wp-content\/uploads\/2024\/06\/image-107.png\" data-light-image=\"https:\/\/brotfarm.de\/wp-content\/uploads\/2024\/06\/image-107.png\" data-id=\"697\" class=\"wp-image-697\" srcset=\"https:\/\/brotfarm.de\/wp-content\/uploads\/2024\/06\/image-107.png 400w, https:\/\/brotfarm.de\/wp-content\/uploads\/2024\/06\/image-107-300x225.png 300w\" sizes=\"auto, (max-width: 400px) 100vw, 400px\" \/><\/div><\/div><\/figure><\/div><\/li><li class=\"kadence-blocks-gallery-item\" tabindex=\"0\"><div class=\"kadence-blocks-gallery-item-inner\"><figure class=\"kb-gallery-figure kadence-blocks-gallery-item-hide-caption\"><div class=\"kb-gal-image-radius\" style=\"max-width:400px;\"><div class=\"kb-gallery-image-contain kadence-blocks-gallery-intrinsic\" style=\"padding-bottom:75%;\"><img loading=\"lazy\" decoding=\"async\" src=\"https:\/\/brotfarm.de\/wp-content\/uploads\/2024\/06\/image-106.png\" width=\"400\" height=\"300\" alt=\"\" data-full-image=\"https:\/\/brotfarm.de\/wp-content\/uploads\/2024\/06\/image-106.png\" data-light-image=\"https:\/\/brotfarm.de\/wp-content\/uploads\/2024\/06\/image-106.png\" data-id=\"696\" class=\"wp-image-696\" srcset=\"https:\/\/brotfarm.de\/wp-content\/uploads\/2024\/06\/image-106.png 400w, https:\/\/brotfarm.de\/wp-content\/uploads\/2024\/06\/image-106-300x225.png 300w\" sizes=\"auto, (max-width: 400px) 100vw, 400px\" \/><\/div><\/div><\/figure><\/div><\/li><li class=\"kadence-blocks-gallery-item\" tabindex=\"0\"><div class=\"kadence-blocks-gallery-item-inner\"><figure class=\"kb-gallery-figure kadence-blocks-gallery-item-hide-caption\"><div class=\"kb-gal-image-radius\" style=\"max-width:400px;\"><div class=\"kb-gallery-image-contain kadence-blocks-gallery-intrinsic\" style=\"padding-bottom:75%;\"><img loading=\"lazy\" decoding=\"async\" src=\"https:\/\/brotfarm.de\/wp-content\/uploads\/2024\/06\/image-105.png\" width=\"400\" height=\"300\" alt=\"\" data-full-image=\"https:\/\/brotfarm.de\/wp-content\/uploads\/2024\/06\/image-105.png\" data-light-image=\"https:\/\/brotfarm.de\/wp-content\/uploads\/2024\/06\/image-105.png\" data-id=\"695\" class=\"wp-image-695\" srcset=\"https:\/\/brotfarm.de\/wp-content\/uploads\/2024\/06\/image-105.png 400w, https:\/\/brotfarm.de\/wp-content\/uploads\/2024\/06\/image-105-300x225.png 300w\" sizes=\"auto, (max-width: 400px) 100vw, 400px\" \/><\/div><\/div><\/figure><\/div><\/li><li class=\"kadence-blocks-gallery-item\" tabindex=\"0\"><div class=\"kadence-blocks-gallery-item-inner\"><figure class=\"kb-gallery-figure kadence-blocks-gallery-item-hide-caption\"><div class=\"kb-gal-image-radius\" style=\"max-width:400px;\"><div class=\"kb-gallery-image-contain kadence-blocks-gallery-intrinsic\" style=\"padding-bottom:75%;\"><img loading=\"lazy\" decoding=\"async\" src=\"https:\/\/brotfarm.de\/wp-content\/uploads\/2024\/06\/image-104.png\" width=\"400\" height=\"300\" alt=\"\" data-full-image=\"https:\/\/brotfarm.de\/wp-content\/uploads\/2024\/06\/image-104.png\" data-light-image=\"https:\/\/brotfarm.de\/wp-content\/uploads\/2024\/06\/image-104.png\" data-id=\"694\" class=\"wp-image-694\" srcset=\"https:\/\/brotfarm.de\/wp-content\/uploads\/2024\/06\/image-104.png 400w, https:\/\/brotfarm.de\/wp-content\/uploads\/2024\/06\/image-104-300x225.png 300w\" sizes=\"auto, (max-width: 400px) 100vw, 400px\" \/><\/div><\/div><\/figure><\/div><\/li><\/ul><\/div>\n\n\n\n\n<ul class=\"wp-block-list\">\n<li><strong>Danach heizt ihr den Backofen auf 220 Grad Ober-und Unterhitze oder Umluft vor und stellt ein feuerfestes Gef\u00e4\u00df mit Wasser auf den Ofenboden.<\/strong><\/li>\n\n\n\n<li><strong>Jetzt ab in den Ofen damit&#8230;egal wie, irgendwie muss das Zeug darein!<\/strong><\/li>\n\n\n\n<li><strong>Nach ca. 10-15 Minuten sollte alles goldgelb gebacken sein und man kann das Tagwerk herausnehmen und direkt servieren.<\/strong><\/li>\n<\/ul>\n\n\n<style>.wp-block-kadence-advancedgallery .kb-gallery-type-masonry.kb-gallery-id-529_6de4cd-1e{margin:-5px;}.kb-gallery-type-masonry.kb-gallery-id-529_6de4cd-1e .kadence-blocks-gallery-item{padding:5px;}.kb-gallery-id-529_6de4cd-1e .kadence-blocks-gallery-item .kb-gal-image-radius, .kb-gallery-id-529_6de4cd-1e .kb-slide-item .kb-gal-image-radius img{border-radius:0px 0px 0px 0px;;}<\/style><div class=\"kb-gallery-wrap-id-529_6de4cd-1e alignnone wp-block-kadence-advancedgallery\"><ul class=\"kb-gallery-ul kb-gallery-non-static kb-gallery-type-masonry kb-masonry-init kb-gallery-id-529_6de4cd-1e kb-gallery-caption-style-bottom-hover kb-gallery-filter-none\" data-image-filter=\"none\" data-item-selector=\".kadence-blocks-gallery-item\" data-lightbox-caption=\"true\" data-columns-xxl=\"3\" data-columns-xl=\"3\" data-columns-md=\"3\" data-columns-sm=\"2\" data-columns-xs=\"1\" data-columns-ss=\"1\"><li class=\"kadence-blocks-gallery-item\" tabindex=\"0\"><div class=\"kadence-blocks-gallery-item-inner\"><figure class=\"kb-gallery-figure kadence-blocks-gallery-item-hide-caption\"><div class=\"kb-gal-image-radius\" style=\"max-width:400px;\"><div class=\"kb-gallery-image-contain kadence-blocks-gallery-intrinsic\" style=\"padding-bottom:75%;\"><img loading=\"lazy\" decoding=\"async\" src=\"https:\/\/brotfarm.de\/wp-content\/uploads\/2024\/06\/image-109.png\" width=\"400\" height=\"300\" alt=\"\" data-full-image=\"https:\/\/brotfarm.de\/wp-content\/uploads\/2024\/06\/image-109.png\" data-light-image=\"https:\/\/brotfarm.de\/wp-content\/uploads\/2024\/06\/image-109.png\" data-id=\"699\" class=\"wp-image-699\" srcset=\"https:\/\/brotfarm.de\/wp-content\/uploads\/2024\/06\/image-109.png 400w, https:\/\/brotfarm.de\/wp-content\/uploads\/2024\/06\/image-109-300x225.png 300w\" sizes=\"auto, (max-width: 400px) 100vw, 400px\" \/><\/div><\/div><\/figure><\/div><\/li><li class=\"kadence-blocks-gallery-item\" tabindex=\"0\"><div class=\"kadence-blocks-gallery-item-inner\"><figure class=\"kb-gallery-figure kadence-blocks-gallery-item-hide-caption\"><div class=\"kb-gal-image-radius\" style=\"max-width:400px;\"><div class=\"kb-gallery-image-contain kadence-blocks-gallery-intrinsic\" style=\"padding-bottom:75%;\"><img loading=\"lazy\" decoding=\"async\" src=\"https:\/\/brotfarm.de\/wp-content\/uploads\/2024\/06\/image-110.png\" width=\"400\" height=\"300\" alt=\"\" data-full-image=\"https:\/\/brotfarm.de\/wp-content\/uploads\/2024\/06\/image-110.png\" data-light-image=\"https:\/\/brotfarm.de\/wp-content\/uploads\/2024\/06\/image-110.png\" data-id=\"700\" class=\"wp-image-700\" srcset=\"https:\/\/brotfarm.de\/wp-content\/uploads\/2024\/06\/image-110.png 400w, https:\/\/brotfarm.de\/wp-content\/uploads\/2024\/06\/image-110-300x225.png 300w\" sizes=\"auto, (max-width: 400px) 100vw, 400px\" \/><\/div><\/div><\/figure><\/div><\/li><li class=\"kadence-blocks-gallery-item\" tabindex=\"0\"><div class=\"kadence-blocks-gallery-item-inner\"><figure class=\"kb-gallery-figure kadence-blocks-gallery-item-hide-caption\"><div class=\"kb-gal-image-radius\" style=\"max-width:400px;\"><div class=\"kb-gallery-image-contain kadence-blocks-gallery-intrinsic\" style=\"padding-bottom:75%;\"><img loading=\"lazy\" decoding=\"async\" src=\"https:\/\/brotfarm.de\/wp-content\/uploads\/2024\/06\/image-112.png\" width=\"400\" height=\"300\" alt=\"\" data-full-image=\"https:\/\/brotfarm.de\/wp-content\/uploads\/2024\/06\/image-112.png\" data-light-image=\"https:\/\/brotfarm.de\/wp-content\/uploads\/2024\/06\/image-112.png\" data-id=\"702\" class=\"wp-image-702\" srcset=\"https:\/\/brotfarm.de\/wp-content\/uploads\/2024\/06\/image-112.png 400w, https:\/\/brotfarm.de\/wp-content\/uploads\/2024\/06\/image-112-300x225.png 300w\" sizes=\"auto, (max-width: 400px) 100vw, 400px\" \/><\/div><\/div><\/figure><\/div><\/li><\/ul><\/div>\n\n\n<p><\/p>\n\n\n\n<p><strong>Fertig\u2026.mmmhh &#8211; lecker!<\/strong><\/p>\n\n\n<div class=\"wp-block-image\">\n<figure class=\"aligncenter is-resized\"><a href=\"https:\/\/brotfarm.de\/?page_id=179\"><img loading=\"lazy\" decoding=\"async\" width=\"140\" height=\"100\" src=\"https:\/\/brotfarm.de\/wp-content\/uploads\/2024\/05\/Muetze-e1715334323522.jpg\" alt=\"\" class=\"wp-image-25\" style=\"width:140px;height:auto\"\/><\/a><\/figure>\n<\/div>","protected":false},"excerpt":{"rendered":"<p>Hilfe&#8230;..!!! Ich kann mich gar nicht entscheiden&#8230; &#8230;soll ich jetzt Brot oder Br\u00f6tchen backen? EGAL &#8211;&nbsp;Hauptsache Legger Herr B\u00e4gger!!! &#8211; Und wieder mal mit \u00dcbernachtung im K\u00fchlschrank &#8211; Da hat man ja schon wieder die Qual der Wahl mit dem Thema: &#8222;Entweder die Brot &#8211; oder die Br\u00f6tchenvariante&#8230;&#8220; Das w\u00e4re dann aber auch schon alles, [&hellip;]<\/p>\n","protected":false},"author":1,"featured_media":0,"parent":0,"menu_order":0,"comment_status":"closed","ping_status":"closed","template":"","meta":{"ngg_post_thumbnail":0,"footnotes":""},"class_list":["post-529","page","type-page","status-publish","hentry"],"_links":{"self":[{"href":"https:\/\/brotfarm.de\/index.php?rest_route=\/wp\/v2\/pages\/529","targetHints":{"allow":["GET"]}}],"collection":[{"href":"https:\/\/brotfarm.de\/index.php?rest_route=\/wp\/v2\/pages"}],"about":[{"href":"https:\/\/brotfarm.de\/index.php?rest_route=\/wp\/v2\/types\/page"}],"author":[{"embeddable":true,"href":"https:\/\/brotfarm.de\/index.php?rest_route=\/wp\/v2\/users\/1"}],"replies":[{"embeddable":true,"href":"https:\/\/brotfarm.de\/index.php?rest_route=%2Fwp%2Fv2%2Fcomments&post=529"}],"version-history":[{"count":6,"href":"https:\/\/brotfarm.de\/index.php?rest_route=\/wp\/v2\/pages\/529\/revisions"}],"predecessor-version":[{"id":1023,"href":"https:\/\/brotfarm.de\/index.php?rest_route=\/wp\/v2\/pages\/529\/revisions\/1023"}],"wp:attachment":[{"href":"https:\/\/brotfarm.de\/index.php?rest_route=%2Fwp%2Fv2%2Fmedia&parent=529"}],"curies":[{"name":"wp","href":"https:\/\/api.w.org\/{rel}","templated":true}]}}