{"id":531,"date":"2024-06-01T16:03:15","date_gmt":"2024-06-01T16:03:15","guid":{"rendered":"https:\/\/brotfarm.de\/?page_id=531"},"modified":"2024-06-08T14:40:08","modified_gmt":"2024-06-08T14:40:08","slug":"35-2","status":"publish","type":"page","link":"https:\/\/brotfarm.de\/?page_id=531","title":{"rendered":"S A U E R T E I G R I E S E"},"content":{"rendered":"\n<p><strong>Boooaah, ist das ein Riese!<\/strong><\/p>\n\n\n\n<p><strong>Klar, nicht zuletzt deswegen habe ich das Brot auf den Namen:<\/strong><\/p>\n\n\n\n<p class=\"has-text-align-center\"><strong><em>S A U E R T E I G R I E S E !<\/em><\/strong><\/p>\n\n\n\n<p><strong>getauft!<\/strong><\/p>\n\n\n\n<p><strong>Eine ideale Zusammenstellung f\u00fcr diejenigen, die sich nicht zwischen Wei\u00dfbrot und Sauerteigbrot entscheiden k\u00f6nnen &#8211; Knusprig, nicht zu fest und nicht zu locker und aufgrund des Sauerteigs lange haltbar!<\/strong><\/p>\n\n\n\n<p>Das braucht allerdings auch wieder&nbsp;<strong>richtigen Sauerteig<\/strong>&nbsp;um zu gedeihen und die&nbsp;<strong>Herstellung<\/strong><strong>&nbsp;verl\u00e4uft wieder&nbsp;<\/strong><strong>\u00fcber 2 Tage!<\/strong><\/p>\n\n\n\n<p><strong>Die folgenden Mengen ergeben einen riesigen Leib Brot, der aber immer noch gut in den Backofen passt. Wer es nicht so gro\u00df mag, kann die Mengenangaben nat\u00fcrlich auch runter rechnen &#8211; aber dann bleibt auch ein wenig Spa\u00df auf der Strecke&#8230;<\/strong><\/p>\n\n\n\n<p>&#8230;<strong>au\u00dferdem kann man geschnitten Brot auch wunderbar einfrieren!<\/strong><\/p>\n\n\n\n<p class=\"has-large-font-size\"><strong>Zutaten &#8211;&nbsp;<\/strong><strong>Sauerteigriese<\/strong><\/p>\n\n\n\n<ul class=\"wp-block-list\">\n<li><strong>600 g Sauerteig aus Roggenmehl Typ 1150&nbsp;<em>(Anleitung siehe Rubrik Beitrag leisten)<\/em><\/strong><\/li>\n<\/ul>\n\n\n\n<ul class=\"wp-block-list\">\n<li><strong>800 g Weizenmehl Typ 405 oder 550<\/strong><\/li>\n<\/ul>\n\n\n\n<ul class=\"wp-block-list\">\n<li><strong>400 ml Wasser<\/strong><\/li>\n<\/ul>\n\n\n\n<ul class=\"wp-block-list\">\n<li><strong>20 &#8211; 30 g Salz&nbsp;<em>(Je nach Geschmack)<\/em><\/strong><\/li>\n<\/ul>\n\n\n\n<ul class=\"wp-block-list\">\n<li><strong>F\u00fcr 600 g Sauerteig braucht ihr:<\/strong><\/li>\n<\/ul>\n\n\n\n<ul class=\"wp-block-list\">\n<li><strong>250 g Roggenmehl Typ 1150<\/strong><\/li>\n<\/ul>\n\n\n\n<ul class=\"wp-block-list\">\n<li><strong>280 ml Wasser<\/strong><\/li>\n<\/ul>\n\n\n\n<ul class=\"wp-block-list\">\n<li><strong>70 g Anstellgut&nbsp;<em>(Ich habe von dem Zeug immer etwas im K\u00fchlschrank!)<\/em><\/strong><\/li>\n<\/ul>\n\n\n\n<p><\/p>\n\n\n\n<p class=\"has-large-font-size\"><strong>Zubereitung &#8211;&nbsp;Sauerteigriese<\/strong><\/p>\n\n\n\n<p><strong>Tag 1:<\/strong><\/p>\n\n\n\n<p>F\u00fcr den Sauerteig vermischt ihr alle drei Zutaten gut und lasst sie dann in einer Sch\u00fcssel abgedeckt an einem warmen Ort ungef\u00e4hr 12 &#8211; 16 Stunden reifen! Ich nutze daf\u00fcr immer eine tragbare Salatsch\u00fcssel mit Deckel &#8211; der ist luftdurchl\u00e4ssig, so dass der Reifeprozess gut funktionieren kann. Die Sch\u00fcssel stelle ich dann einfach in den kalten Backofen oder, wenn dieser noch anderweitig gebraucht wird in die warme Waschk\u00fcche.<\/p>\n\n\n<div class=\"wp-block-image\">\n<figure class=\"aligncenter size-full\"><img loading=\"lazy\" decoding=\"async\" width=\"400\" height=\"300\" src=\"https:\/\/brotfarm.de\/wp-content\/uploads\/2024\/06\/image-113.png\" alt=\"\" class=\"wp-image-708\" srcset=\"https:\/\/brotfarm.de\/wp-content\/uploads\/2024\/06\/image-113.png 400w, https:\/\/brotfarm.de\/wp-content\/uploads\/2024\/06\/image-113-300x225.png 300w\" sizes=\"auto, (max-width: 400px) 100vw, 400px\" \/><figcaption class=\"wp-element-caption\"><em>Nach 16 Stunden G\u00e4rzeit&#8230;<\/em><\/figcaption><\/figure>\n<\/div>\n\n\n<p><strong>Tag 2:<\/strong><\/p>\n\n\n\n<p><strong>So, auf geht\u00b4s &#8211; &#8222;heit sam ma riesig lustig&#8220;:<\/strong><\/p>\n\n\n\n<p>F\u00fcr den Hauptteig zuerst den Sauerteig in die R\u00fchrsch\u00fcssel geben, mit 400 ml lauwarmen Wasser auff\u00fcllen, das Salz dazugeben und kurz verr\u00fchren. Jetzt erst mit Mehl aussch\u00fctten und den Knetvorgang mit &#8222;<strong>the machine<\/strong>&#8220; starten bis alles zu einem homogenen Teig sch\u00f6n durchgeknetet ist (Notfalls nochmal Mehl nachgeben).<\/p>\n\n\n\n<p>Nun holen wir den Teig aus dem Beh\u00e4ltnis, wirken ihn sch\u00f6n rund und lassen ihn dann erstmal f\u00fcr ca. 30 Minuten unter einem Tuch ruhen.<\/p>\n\n\n<div class=\"wp-block-image\">\n<figure class=\"aligncenter size-full is-resized\"><img loading=\"lazy\" decoding=\"async\" width=\"538\" height=\"464\" src=\"https:\/\/brotfarm.de\/wp-content\/uploads\/2024\/06\/Rund-gewirkt.jpg\" alt=\"\" class=\"wp-image-1025\" style=\"width:377px;height:auto\" srcset=\"https:\/\/brotfarm.de\/wp-content\/uploads\/2024\/06\/Rund-gewirkt.jpg 538w, https:\/\/brotfarm.de\/wp-content\/uploads\/2024\/06\/Rund-gewirkt-300x259.jpg 300w, https:\/\/brotfarm.de\/wp-content\/uploads\/2024\/06\/Rund-gewirkt-508x438.jpg 508w\" sizes=\"auto, (max-width: 538px) 100vw, 538px\" \/><\/figure>\n<\/div>\n\n\n<p><strong><em>Zeit zum Platte putzen und Kaffee f\u00fcr zwischendurch!<\/em><\/strong><\/p>\n\n\n\n<p>Jetzt ist er f\u00e4llig, der Kumpel, ein paarmal falten und etwas in die L\u00e4nge wirken, so dass er augenscheinlich gut auf das vorbereitete Backblech mit Backpapier passt. Ich pers\u00f6nlich lege eine Dauerbackfolie auf einen Holzschieber, bestreue die Folie mit etwas Mehl und setze den Teigrohling da drauf.<\/p>\n\n\n\n<p>Nun kommt der h\u00e4rteste Job &#8211; zumindest f\u00fcr den Teig. Denn der muss sich jetzt abgedeckt unter einem Tuch&nbsp;<strong>3 Stunden<\/strong>&nbsp;lang gehen lassen und dabei auch noch wachsen. Wir hingegen k\u00f6nnen dabei zugucken oder auch andere sinnvolle Dinge tun um die lange G\u00e4rzeit zu \u00fcberbr\u00fccken &#8211; ich denke euch f\u00e4llt schon was ein!<\/p>\n\n\n\n<p><\/p>\n\n\n\n<p><\/p>\n\n\n\n<p><\/p>\n\n\n\n<p><\/p>\n\n\n\n<p>Nach&nbsp;<strong>3 Stunden<\/strong>&nbsp;lasst ihr Euch dann wecken &#8211; der Teig sollte sich nun fast verdoppelt haben!<\/p>\n\n\n<style>.wp-block-kadence-advancedgallery .kb-gallery-type-grid.kb-gallery-id-531_9ecc3d-3e{margin:-5px;}.kb-gallery-type-grid.kb-gallery-id-531_9ecc3d-3e .kadence-blocks-gallery-item{padding:5px;}.kb-gallery-id-531_9ecc3d-3e .kadence-blocks-gallery-item .kb-gal-image-radius, .kb-gallery-id-531_9ecc3d-3e .kb-slide-item .kb-gal-image-radius img{border-radius:0px 0px 0px 0px;;}.kb-gallery-caption-style-bottom.kb-gallery-id-531_9ecc3d-3e .kadence-blocks-gallery-item .kadence-blocks-gallery-item-inner .kadence-blocks-gallery-item__caption, .kb-gallery-caption-style-bottom-hover.kb-gallery-id-531_9ecc3d-3e .kadence-blocks-gallery-item .kadence-blocks-gallery-item-inner .kadence-blocks-gallery-item__caption{background:linear-gradient(0deg, rgba(0, 0, 0, 0.8) 0, rgba(0, 0, 0, 0) 100%);}<\/style><div class=\"kb-gallery-wrap-id-531_9ecc3d-3e alignnone wp-block-kadence-advancedgallery\"><ul class=\"kb-gallery-ul kb-gallery-non-static kb-gallery-type-grid kb-mobile-force-hover kb-gallery-id-531_9ecc3d-3e kb-gallery-caption-style-bottom-hover kb-gallery-filter-none\" data-image-filter=\"none\" data-item-selector=\".kadence-blocks-gallery-item\" data-lightbox-caption=\"true\" data-columns-xxl=\"2\" data-columns-xl=\"2\" data-columns-md=\"2\" data-columns-sm=\"2\" data-columns-xs=\"1\" data-columns-ss=\"1\"><li class=\"kadence-blocks-gallery-item\" tabindex=\"0\"><div class=\"kadence-blocks-gallery-item-inner\"><figure class=\"kb-gallery-figure kadence-blocks-gallery-item-has-caption\"><div class=\"kb-gal-image-radius\"><div class=\"kb-gallery-image-contain kadence-blocks-gallery-intrinsic kb-gallery-image-ratio-land43 kb-has-image-ratio-land43\" ><img loading=\"lazy\" decoding=\"async\" src=\"https:\/\/brotfarm.de\/wp-content\/uploads\/2024\/06\/image-118.png\" width=\"540\" height=\"437\" alt=\"\" data-full-image=\"https:\/\/brotfarm.de\/wp-content\/uploads\/2024\/06\/image-118.png\" data-light-image=\"https:\/\/brotfarm.de\/wp-content\/uploads\/2024\/06\/image-118.png\" data-id=\"720\" class=\"wp-image-720\" srcset=\"https:\/\/brotfarm.de\/wp-content\/uploads\/2024\/06\/image-118.png 540w, https:\/\/brotfarm.de\/wp-content\/uploads\/2024\/06\/image-118-300x243.png 300w, https:\/\/brotfarm.de\/wp-content\/uploads\/2024\/06\/image-118-508x411.png 508w\" sizes=\"auto, (max-width: 540px) 100vw, 540px\" \/><\/div><div class=\"kadence-blocks-gallery-item__caption\">Nach der Gare&#8230;<\/div><\/div><\/figure><\/div><\/li><li class=\"kadence-blocks-gallery-item\" tabindex=\"0\"><div class=\"kadence-blocks-gallery-item-inner\"><figure class=\"kb-gallery-figure kadence-blocks-gallery-item-has-caption\"><div class=\"kb-gal-image-radius\"><div class=\"kb-gallery-image-contain kadence-blocks-gallery-intrinsic kb-gallery-image-ratio-land43 kb-has-image-ratio-land43\" ><img loading=\"lazy\" decoding=\"async\" src=\"https:\/\/brotfarm.de\/wp-content\/uploads\/2024\/06\/image-119.png\" width=\"540\" height=\"487\" alt=\"\" data-full-image=\"https:\/\/brotfarm.de\/wp-content\/uploads\/2024\/06\/image-119.png\" data-light-image=\"https:\/\/brotfarm.de\/wp-content\/uploads\/2024\/06\/image-119.png\" data-id=\"721\" class=\"wp-image-721\" srcset=\"https:\/\/brotfarm.de\/wp-content\/uploads\/2024\/06\/image-119.png 540w, https:\/\/brotfarm.de\/wp-content\/uploads\/2024\/06\/image-119-300x271.png 300w, https:\/\/brotfarm.de\/wp-content\/uploads\/2024\/06\/image-119-508x458.png 508w\" sizes=\"auto, (max-width: 540px) 100vw, 540px\" \/><\/div><div class=\"kadence-blocks-gallery-item__caption\">Eingeschnitten&#8230;<\/div><\/div><\/figure><\/div><\/li><\/ul><\/div>\n\n\n<p>Den Ofen auf 250 Grad Ober-\/Unterhitze vorheizen, den Teig einschneiden und bei fallender Temperatur backen, dabei am Anfang etwas Wasser in den Garraum spr\u00fchen!<\/p>\n\n\n\n<ul class=\"wp-block-list\">\n<li><strong>10 Minuten bei 250\u00b0<\/strong><\/li>\n\n\n\n<li><strong>15 Minuten bei 220\u00b0<\/strong><\/li>\n\n\n\n<li><strong>35 Minuten bei 170\u00b0<\/strong><\/li>\n<\/ul>\n\n\n\n<p><\/p>\n\n\n\n<p>Abschlie\u00dfend das fertige Brot auf einem weiteren Gitterrost au\u00dferhalb des Ofens ablegen, nochmal mit etwas Wasser bespr\u00fchen und mit einem Tuch bedeckt abk\u00fchlen lassen.<\/p>\n\n\n<div class=\"wp-block-image\">\n<figure class=\"aligncenter size-full\"><img loading=\"lazy\" decoding=\"async\" width=\"400\" height=\"225\" src=\"https:\/\/brotfarm.de\/wp-content\/uploads\/2024\/06\/image-120.png\" alt=\"\" class=\"wp-image-722\" srcset=\"https:\/\/brotfarm.de\/wp-content\/uploads\/2024\/06\/image-120.png 400w, https:\/\/brotfarm.de\/wp-content\/uploads\/2024\/06\/image-120-300x169.png 300w\" sizes=\"auto, (max-width: 400px) 100vw, 400px\" \/><figcaption class=\"wp-element-caption\"><em>Fertiges Produkt!<\/em><\/figcaption><\/figure>\n<\/div>\n\n\n<p><strong>Fertig\u2026.mmmhh &#8211; lecker!<\/strong><\/p>\n\n\n<div class=\"wp-block-image\">\n<figure class=\"aligncenter is-resized\"><a href=\"https:\/\/brotfarm.de\/?page_id=179\"><img loading=\"lazy\" decoding=\"async\" width=\"140\" height=\"100\" src=\"https:\/\/brotfarm.de\/wp-content\/uploads\/2024\/05\/Muetze-e1715334323522.jpg\" alt=\"\" class=\"wp-image-25\" style=\"width:140px;height:auto\"\/><\/a><\/figure>\n<\/div>","protected":false},"excerpt":{"rendered":"<p>Boooaah, ist das ein Riese! Klar, nicht zuletzt deswegen habe ich das Brot auf den Namen: S A U E R T E I G R I E S E ! getauft! Eine ideale Zusammenstellung f\u00fcr diejenigen, die sich nicht zwischen Wei\u00dfbrot und Sauerteigbrot entscheiden k\u00f6nnen &#8211; Knusprig, nicht zu fest und nicht zu locker [&hellip;]<\/p>\n","protected":false},"author":1,"featured_media":0,"parent":0,"menu_order":0,"comment_status":"closed","ping_status":"closed","template":"","meta":{"ngg_post_thumbnail":0,"footnotes":""},"class_list":["post-531","page","type-page","status-publish","hentry"],"_links":{"self":[{"href":"https:\/\/brotfarm.de\/index.php?rest_route=\/wp\/v2\/pages\/531","targetHints":{"allow":["GET"]}}],"collection":[{"href":"https:\/\/brotfarm.de\/index.php?rest_route=\/wp\/v2\/pages"}],"about":[{"href":"https:\/\/brotfarm.de\/index.php?rest_route=\/wp\/v2\/types\/page"}],"author":[{"embeddable":true,"href":"https:\/\/brotfarm.de\/index.php?rest_route=\/wp\/v2\/users\/1"}],"replies":[{"embeddable":true,"href":"https:\/\/brotfarm.de\/index.php?rest_route=%2Fwp%2Fv2%2Fcomments&post=531"}],"version-history":[{"count":7,"href":"https:\/\/brotfarm.de\/index.php?rest_route=\/wp\/v2\/pages\/531\/revisions"}],"predecessor-version":[{"id":1027,"href":"https:\/\/brotfarm.de\/index.php?rest_route=\/wp\/v2\/pages\/531\/revisions\/1027"}],"wp:attachment":[{"href":"https:\/\/brotfarm.de\/index.php?rest_route=%2Fwp%2Fv2%2Fmedia&parent=531"}],"curies":[{"name":"wp","href":"https:\/\/api.w.org\/{rel}","templated":true}]}}