{"id":533,"date":"2024-06-01T16:03:15","date_gmt":"2024-06-01T16:03:15","guid":{"rendered":"https:\/\/brotfarm.de\/?page_id=533"},"modified":"2024-06-08T14:45:31","modified_gmt":"2024-06-08T14:45:31","slug":"37-2","status":"publish","type":"page","link":"https:\/\/brotfarm.de\/?page_id=533","title":{"rendered":"Roggenbaguette mit Sauerteiganteilen"},"content":{"rendered":"\n<p><strong><mark>Kann bequem am Vortag vorbereitet werden und darf die Nacht im K\u00fchlschrank verbringen&#8230;<\/mark><\/strong><\/p>\n\n\n\n<p class=\"has-text-align-center\"><strong><em>Die angegebenen Mengen reichen f\u00fcr ein gro\u00dfes oder zwei kleinere Baguettes!<\/em><\/strong><\/p>\n\n\n\n<p class=\"has-large-font-size\"><strong>Zutaten &#8211;&nbsp;<\/strong><strong>Roggenbaguette:<\/strong><strong><\/strong><\/p>\n\n\n\n<ul class=\"wp-block-list\">\n<li><strong>500 g Weizenmehl Typ 405 oder 550<\/strong><\/li>\n<\/ul>\n\n\n\n<ul class=\"wp-block-list\">\n<li><strong>50 g Roggenmehl Typ 1150<\/strong><\/li>\n<\/ul>\n\n\n\n<ul class=\"wp-block-list\">\n<li><strong>75 g Sauerteig<\/strong>\n<ul class=\"wp-block-list\">\n<li class=\"has-small-font-size\"><strong><em>(aus eigener Z\u00fcchtung oder fertig aus dem Beutel von &#8222;Du woischt schon Karl&#8230;&#8220;)<\/em><\/strong><\/li>\n<\/ul>\n<\/li>\n<\/ul>\n\n\n\n<ul class=\"wp-block-list\">\n<li><strong>400 ml kaltes Wasser<\/strong><\/li>\n<\/ul>\n\n\n\n<ul class=\"wp-block-list\">\n<li><strong>5 g frische Hefe&nbsp;<\/strong>\n<ul class=\"wp-block-list\">\n<li class=\"has-small-font-size\"><strong><em>(Jaaa, es sind nur 5 g &#8211; ihr habt euch nicht verlesen!)<\/em><\/strong><\/li>\n<\/ul>\n<\/li>\n<\/ul>\n\n\n\n<ul class=\"wp-block-list\">\n<li><strong>15 &#8211; 20 g Salz&nbsp;<em>(Je nach Geschmack)<\/em><\/strong><\/li>\n<\/ul>\n\n\n\n<ul class=\"wp-block-list\">\n<li><strong>1 Eigelb<\/strong><\/li>\n<\/ul>\n\n\n\n<ul class=\"wp-block-list\">\n<li><strong>nach Belieben je 1 &#8211; 2 EL <\/strong>\n<ul class=\"wp-block-list\">\n<li><strong>Chiasamen<\/strong><\/li>\n\n\n\n<li><strong>Sonnenblumenkerne<\/strong><\/li>\n\n\n\n<li><strong>Leinsamen, Sesam o. \u00e4.<\/strong><\/li>\n<\/ul>\n<\/li>\n<\/ul>\n\n\n\n<ul class=\"wp-block-list\">\n<li><strong><em>Ein EL Oliven\u00f6l zum Ausstreichen!!!<\/em><\/strong><\/li>\n<\/ul>\n\n\n\n<p class=\"has-large-font-size\"><strong>Zubereitung &#8211;&nbsp;Roggenbaguette<\/strong><\/p>\n\n\n\n<p><strong><em>Am Vortag\/Vorabend:<\/em><\/strong><\/p>\n\n\n\n<p>1.&nbsp;&nbsp;&nbsp; Die beiden Mehlsorten in die R\u00fchrsch\u00fcssel geben und schon mal etwas vermischen.<\/p>\n\n\n\n<p>2.&nbsp;&nbsp;&nbsp;&nbsp;<strong>5<\/strong>&nbsp;g Hefe abwiegen (darf ruhig 1 -2 g mehr sein) in einem Messbecher oder \u00e4hnlichen Gef\u00e4\u00df mit dem Salz so lange vermengen bis sich die Hefe aufgel\u00f6st hat. Anschlie\u00dfend mit 400 ml kaltes Wasser, dem Sauerteig und dem Eigelb auff\u00fcllen und gut verr\u00fchren.<\/p>\n\n\n\n<p>3.&nbsp;&nbsp;&nbsp;&nbsp;Die Fl\u00fcssigkeit kann nun zum Mehl gegeben werden und dann wird alles etwa 5 &#8211; 10 Minuten auf kleinster Stufe mit dem Knethaken zu einem Teig verarbeitet.<\/p>\n\n\n\n<p>4.&nbsp;&nbsp;&nbsp; Anschlie\u00dfend den Teig auf h\u00f6chster Stufe nochmal 5 &#8211; 8 Minuten weiter kneten. Sobald der Teig sich vom Sch\u00fcsselrand l\u00f6st und nicht mehr so klebrig ist, k\u00f6nnt ihr die K\u00f6rner hinzuf\u00fcgen und untermischen.<\/p>\n\n\n\n\n\n<p>5.&nbsp;&nbsp;&nbsp; Nun k\u00f6nnt ihr eine gro\u00dfe Sch\u00fcssel mit etwas Oliven\u00f6l einstreichen, den Teig hineingeben und abgedeckt in den K\u00fchlschrank stellen.<\/p>\n\n\n<style>.wp-block-kadence-advancedgallery .kb-gallery-type-masonry.kb-gallery-id-533_e4e27a-72{margin:-5px;}.kb-gallery-type-masonry.kb-gallery-id-533_e4e27a-72 .kadence-blocks-gallery-item{padding:5px;}.kb-gallery-id-533_e4e27a-72 .kadence-blocks-gallery-item .kb-gal-image-radius, .kb-gallery-id-533_e4e27a-72 .kb-slide-item .kb-gal-image-radius img{border-radius:0px 0px 0px 0px;;}.kb-gallery-caption-style-cover-hover.kb-gallery-id-533_e4e27a-72 .kadence-blocks-gallery-item .kadence-blocks-gallery-item-inner .kadence-blocks-gallery-item__caption, .kb-gallery-caption-style-below.kb-gallery-id-533_e4e27a-72 .kadence-blocks-gallery-item .kadence-blocks-gallery-item-inner .kadence-blocks-gallery-item__caption{background:rgba(0, 0, 0, 0.8);}<\/style><div class=\"kb-gallery-wrap-id-533_e4e27a-72 alignnone wp-block-kadence-advancedgallery\"><ul class=\"kb-gallery-ul kb-gallery-non-static kb-gallery-type-masonry kb-masonry-init kb-mobile-force-hover kb-gallery-id-533_e4e27a-72 kb-gallery-caption-style-below kb-gallery-filter-none\" data-image-filter=\"none\" data-item-selector=\".kadence-blocks-gallery-item\" data-lightbox-caption=\"true\" data-columns-xxl=\"2\" data-columns-xl=\"2\" data-columns-md=\"2\" data-columns-sm=\"2\" data-columns-xs=\"1\" data-columns-ss=\"1\"><li class=\"kadence-blocks-gallery-item\"><div class=\"kadence-blocks-gallery-item-inner\"><figure class=\"kb-gallery-figure kadence-blocks-gallery-item-has-caption\" style=\"max-width:1024px;\"><div class=\"kb-gal-image-radius\" style=\"max-width:1024px;\"><div class=\"kb-gallery-image-contain kadence-blocks-gallery-intrinsic\" style=\"padding-bottom:75%;\"><img loading=\"lazy\" decoding=\"async\" src=\"https:\/\/brotfarm.de\/wp-content\/uploads\/2024\/06\/20220107_160615-1024x768.jpg\" width=\"1024\" height=\"768\" alt=\"\" data-full-image=\"https:\/\/brotfarm.de\/wp-content\/uploads\/2024\/06\/20220107_160615-scaled.jpg\" data-light-image=\"https:\/\/brotfarm.de\/wp-content\/uploads\/2024\/06\/20220107_160615-scaled.jpg\" data-id=\"742\" class=\"wp-image-742\" srcset=\"https:\/\/brotfarm.de\/wp-content\/uploads\/2024\/06\/20220107_160615-1024x768.jpg 1024w, https:\/\/brotfarm.de\/wp-content\/uploads\/2024\/06\/20220107_160615-300x225.jpg 300w, https:\/\/brotfarm.de\/wp-content\/uploads\/2024\/06\/20220107_160615-768x576.jpg 768w, https:\/\/brotfarm.de\/wp-content\/uploads\/2024\/06\/20220107_160615-1536x1152.jpg 1536w, https:\/\/brotfarm.de\/wp-content\/uploads\/2024\/06\/20220107_160615-2048x1536.jpg 2048w, https:\/\/brotfarm.de\/wp-content\/uploads\/2024\/06\/20220107_160615-1240x930.jpg 1240w, https:\/\/brotfarm.de\/wp-content\/uploads\/2024\/06\/20220107_160615-508x381.jpg 508w\" sizes=\"auto, (max-width: 1024px) 100vw, 1024px\" \/><\/div><\/div><figcaption class=\"kadence-blocks-gallery-item__caption\">Teig in eine mit Oliven\u00f6l ausgestrichene Sch\u00fcssel geben&#8230;<\/figcaption><\/figure><\/div><\/li><li class=\"kadence-blocks-gallery-item\"><div class=\"kadence-blocks-gallery-item-inner\"><figure class=\"kb-gallery-figure kadence-blocks-gallery-item-has-caption\" style=\"max-width:1024px;\"><div class=\"kb-gal-image-radius\" style=\"max-width:1024px;\"><div class=\"kb-gallery-image-contain kadence-blocks-gallery-intrinsic\" style=\"padding-bottom:75%;\"><img loading=\"lazy\" decoding=\"async\" src=\"https:\/\/brotfarm.de\/wp-content\/uploads\/2024\/06\/20220107_160658-1024x768.jpg\" width=\"1024\" height=\"768\" alt=\"\" data-full-image=\"https:\/\/brotfarm.de\/wp-content\/uploads\/2024\/06\/20220107_160658-scaled.jpg\" data-light-image=\"https:\/\/brotfarm.de\/wp-content\/uploads\/2024\/06\/20220107_160658-scaled.jpg\" data-id=\"743\" class=\"wp-image-743\" srcset=\"https:\/\/brotfarm.de\/wp-content\/uploads\/2024\/06\/20220107_160658-1024x768.jpg 1024w, https:\/\/brotfarm.de\/wp-content\/uploads\/2024\/06\/20220107_160658-300x225.jpg 300w, https:\/\/brotfarm.de\/wp-content\/uploads\/2024\/06\/20220107_160658-768x576.jpg 768w, https:\/\/brotfarm.de\/wp-content\/uploads\/2024\/06\/20220107_160658-1536x1152.jpg 1536w, https:\/\/brotfarm.de\/wp-content\/uploads\/2024\/06\/20220107_160658-2048x1536.jpg 2048w, https:\/\/brotfarm.de\/wp-content\/uploads\/2024\/06\/20220107_160658-1240x930.jpg 1240w, https:\/\/brotfarm.de\/wp-content\/uploads\/2024\/06\/20220107_160658-508x381.jpg 508w\" sizes=\"auto, (max-width: 1024px) 100vw, 1024px\" \/><\/div><\/div><figcaption class=\"kadence-blocks-gallery-item__caption\">Deckel drauf und zum langen Ruhen in den K\u00fchlschrank&#8230;<\/figcaption><\/figure><\/div><\/li><\/ul><\/div>\n\n\n<p><strong><em>Am n\u00e4chsten Tag:<\/em><\/strong><\/p>\n\n\n\n<p>1.&nbsp;&nbsp;&nbsp; Den Backofen auf 230 Grad Ober-\/Unterhitze vorheizen.<\/p>\n\n\n\n<p>2.&nbsp;&nbsp;&nbsp; Den Teig auf eine mit Mehl best\u00e4ubte Arbeitsfl\u00e4che st\u00fcrzen und vorsichtig l\u00e4nglich formen&nbsp;(Bitte nicht mehr kneten!!!).<\/p>\n\n\n\n<p>3.&nbsp;&nbsp;&nbsp; Die gegen\u00fcberliegenden Enden drehen, sodass ein in sich verdrehter Teigstrang entsteht.<\/p>\n\n\n<style>.wp-block-kadence-advancedgallery .kb-gallery-type-masonry.kb-gallery-id-533_f0f041-94{margin:-5px;}.kb-gallery-type-masonry.kb-gallery-id-533_f0f041-94 .kadence-blocks-gallery-item{padding:5px;}.kb-gallery-id-533_f0f041-94 .kadence-blocks-gallery-item .kb-gal-image-radius, .kb-gallery-id-533_f0f041-94 .kb-slide-item .kb-gal-image-radius img{border-radius:0px 0px 0px 0px;;}.kb-gallery-caption-style-bottom.kb-gallery-id-533_f0f041-94 .kadence-blocks-gallery-item .kadence-blocks-gallery-item-inner .kadence-blocks-gallery-item__caption, .kb-gallery-caption-style-bottom-hover.kb-gallery-id-533_f0f041-94 .kadence-blocks-gallery-item .kadence-blocks-gallery-item-inner .kadence-blocks-gallery-item__caption{background:linear-gradient(0deg, rgba(0, 0, 0, 0.8) 0, rgba(0, 0, 0, 0) 100%);}<\/style><div class=\"kb-gallery-wrap-id-533_f0f041-94 alignnone wp-block-kadence-advancedgallery\"><ul class=\"kb-gallery-ul kb-gallery-non-static kb-gallery-type-masonry kb-masonry-init kb-mobile-force-hover kb-gallery-id-533_f0f041-94 kb-gallery-caption-style-bottom-hover kb-gallery-filter-none\" data-image-filter=\"none\" data-item-selector=\".kadence-blocks-gallery-item\" data-lightbox-caption=\"true\" data-columns-xxl=\"2\" data-columns-xl=\"2\" data-columns-md=\"2\" data-columns-sm=\"2\" data-columns-xs=\"1\" data-columns-ss=\"1\"><li class=\"kadence-blocks-gallery-item\" tabindex=\"0\"><div class=\"kadence-blocks-gallery-item-inner\"><figure class=\"kb-gallery-figure kadence-blocks-gallery-item-has-caption\"><div class=\"kb-gal-image-radius\" style=\"max-width:1024px;\"><div class=\"kb-gallery-image-contain kadence-blocks-gallery-intrinsic\" style=\"padding-bottom:75%;\"><img loading=\"lazy\" decoding=\"async\" src=\"https:\/\/brotfarm.de\/wp-content\/uploads\/2024\/06\/20211231_93713-1024x768.jpg\" width=\"1024\" height=\"768\" alt=\"\" data-full-image=\"https:\/\/brotfarm.de\/wp-content\/uploads\/2024\/06\/20211231_93713-scaled.jpg\" data-light-image=\"https:\/\/brotfarm.de\/wp-content\/uploads\/2024\/06\/20211231_93713-scaled.jpg\" data-id=\"744\" class=\"wp-image-744\" srcset=\"https:\/\/brotfarm.de\/wp-content\/uploads\/2024\/06\/20211231_93713-1024x768.jpg 1024w, https:\/\/brotfarm.de\/wp-content\/uploads\/2024\/06\/20211231_93713-300x225.jpg 300w, https:\/\/brotfarm.de\/wp-content\/uploads\/2024\/06\/20211231_93713-768x576.jpg 768w, https:\/\/brotfarm.de\/wp-content\/uploads\/2024\/06\/20211231_93713-1536x1152.jpg 1536w, https:\/\/brotfarm.de\/wp-content\/uploads\/2024\/06\/20211231_93713-2048x1536.jpg 2048w, https:\/\/brotfarm.de\/wp-content\/uploads\/2024\/06\/20211231_93713-1240x930.jpg 1240w, https:\/\/brotfarm.de\/wp-content\/uploads\/2024\/06\/20211231_93713-508x381.jpg 508w\" sizes=\"auto, (max-width: 1024px) 100vw, 1024px\" \/><\/div><div class=\"kadence-blocks-gallery-item__caption\">Ein gro\u00dfes Baguette gedreht&#8230;<\/div><\/div><\/figure><\/div><\/li><li class=\"kadence-blocks-gallery-item\" tabindex=\"0\"><div class=\"kadence-blocks-gallery-item-inner\"><figure class=\"kb-gallery-figure kadence-blocks-gallery-item-has-caption\"><div class=\"kb-gal-image-radius\" style=\"max-width:1024px;\"><div class=\"kb-gallery-image-contain kadence-blocks-gallery-intrinsic\" style=\"padding-bottom:75%;\"><img loading=\"lazy\" decoding=\"async\" src=\"https:\/\/brotfarm.de\/wp-content\/uploads\/2024\/06\/20220108_110158-1024x768.jpg\" width=\"1024\" height=\"768\" alt=\"\" data-full-image=\"https:\/\/brotfarm.de\/wp-content\/uploads\/2024\/06\/20220108_110158-scaled.jpg\" data-light-image=\"https:\/\/brotfarm.de\/wp-content\/uploads\/2024\/06\/20220108_110158-scaled.jpg\" data-id=\"745\" class=\"wp-image-745\" srcset=\"https:\/\/brotfarm.de\/wp-content\/uploads\/2024\/06\/20220108_110158-1024x768.jpg 1024w, https:\/\/brotfarm.de\/wp-content\/uploads\/2024\/06\/20220108_110158-300x225.jpg 300w, https:\/\/brotfarm.de\/wp-content\/uploads\/2024\/06\/20220108_110158-768x576.jpg 768w, https:\/\/brotfarm.de\/wp-content\/uploads\/2024\/06\/20220108_110158-1536x1152.jpg 1536w, https:\/\/brotfarm.de\/wp-content\/uploads\/2024\/06\/20220108_110158-2048x1536.jpg 2048w, https:\/\/brotfarm.de\/wp-content\/uploads\/2024\/06\/20220108_110158-1240x930.jpg 1240w, https:\/\/brotfarm.de\/wp-content\/uploads\/2024\/06\/20220108_110158-508x381.jpg 508w\" sizes=\"auto, (max-width: 1024px) 100vw, 1024px\" \/><\/div><div class=\"kadence-blocks-gallery-item__caption\">Zwei kleine Baguettes gedreht&#8230;<\/div><\/div><\/figure><\/div><\/li><\/ul><\/div>\n\n\n<p>4.&nbsp;&nbsp;&nbsp;&nbsp;Auf einem Bleck mit Packpapier oder Dauerbackfolie legen und den Teig im vorgeheizten Backofen etwa 30 &#8211; 40 Minuten goldbraun backen.<\/p>\n\n\n\n<p>5.&nbsp;&nbsp;&nbsp; Abschlie\u00dfend auf einem Gitterrost ausk\u00fchlen lassen:<\/p>\n\n\n<style>.wp-block-kadence-advancedgallery .kb-gallery-type-masonry.kb-gallery-id-533_74e2da-ec{margin:-5px;}.kb-gallery-type-masonry.kb-gallery-id-533_74e2da-ec .kadence-blocks-gallery-item{padding:5px;}.kb-gallery-id-533_74e2da-ec .kadence-blocks-gallery-item .kb-gal-image-radius, .kb-gallery-id-533_74e2da-ec .kb-slide-item .kb-gal-image-radius img{border-radius:0px 0px 0px 0px;;}.kb-gallery-caption-style-bottom.kb-gallery-id-533_74e2da-ec .kadence-blocks-gallery-item .kadence-blocks-gallery-item-inner .kadence-blocks-gallery-item__caption, .kb-gallery-caption-style-bottom-hover.kb-gallery-id-533_74e2da-ec .kadence-blocks-gallery-item .kadence-blocks-gallery-item-inner .kadence-blocks-gallery-item__caption{background:linear-gradient(0deg, rgba(0, 0, 0, 0.8) 0, rgba(0, 0, 0, 0) 100%);}<\/style><div class=\"kb-gallery-wrap-id-533_74e2da-ec alignnone wp-block-kadence-advancedgallery\"><ul class=\"kb-gallery-ul kb-gallery-non-static kb-gallery-type-masonry kb-masonry-init kb-mobile-force-hover kb-gallery-id-533_74e2da-ec kb-gallery-caption-style-bottom-hover kb-gallery-filter-none\" data-image-filter=\"none\" data-item-selector=\".kadence-blocks-gallery-item\" data-lightbox-caption=\"true\" data-columns-xxl=\"2\" data-columns-xl=\"2\" data-columns-md=\"2\" data-columns-sm=\"2\" data-columns-xs=\"1\" data-columns-ss=\"1\"><li class=\"kadence-blocks-gallery-item\" tabindex=\"0\"><div class=\"kadence-blocks-gallery-item-inner\"><figure class=\"kb-gallery-figure kadence-blocks-gallery-item-has-caption\"><div class=\"kb-gal-image-radius\" style=\"max-width:600px;\"><div class=\"kb-gallery-image-contain kadence-blocks-gallery-intrinsic\" style=\"padding-bottom:75%;\"><img loading=\"lazy\" decoding=\"async\" src=\"https:\/\/brotfarm.de\/wp-content\/uploads\/2024\/06\/20211231_101310-1024x768.jpg\" width=\"600\" height=\"450\" alt=\"\" data-full-image=\"https:\/\/brotfarm.de\/wp-content\/uploads\/2024\/06\/20211231_101310-scaled.jpg\" data-light-image=\"https:\/\/brotfarm.de\/wp-content\/uploads\/2024\/06\/20211231_101310-scaled.jpg\" data-id=\"746\" class=\"wp-image-746\" srcset=\"https:\/\/brotfarm.de\/wp-content\/uploads\/2024\/06\/20211231_101310-1024x768.jpg 1024w, https:\/\/brotfarm.de\/wp-content\/uploads\/2024\/06\/20211231_101310-300x225.jpg 300w, https:\/\/brotfarm.de\/wp-content\/uploads\/2024\/06\/20211231_101310-768x576.jpg 768w, https:\/\/brotfarm.de\/wp-content\/uploads\/2024\/06\/20211231_101310-1536x1152.jpg 1536w, https:\/\/brotfarm.de\/wp-content\/uploads\/2024\/06\/20211231_101310-2048x1536.jpg 2048w, https:\/\/brotfarm.de\/wp-content\/uploads\/2024\/06\/20211231_101310-1240x930.jpg 1240w, https:\/\/brotfarm.de\/wp-content\/uploads\/2024\/06\/20211231_101310-508x381.jpg 508w\" sizes=\"auto, (max-width: 600px) 100vw, 600px\" \/><\/div><div class=\"kadence-blocks-gallery-item__caption\">Gro\u00dfes Baguette&#8230;<\/div><\/div><\/figure><\/div><\/li><li class=\"kadence-blocks-gallery-item\" tabindex=\"0\"><div class=\"kadence-blocks-gallery-item-inner\"><figure class=\"kb-gallery-figure kadence-blocks-gallery-item-has-caption\"><div class=\"kb-gal-image-radius\" style=\"max-width:600px;\"><div class=\"kb-gallery-image-contain kadence-blocks-gallery-intrinsic\" style=\"padding-bottom:75%;\"><img loading=\"lazy\" decoding=\"async\" src=\"https:\/\/brotfarm.de\/wp-content\/uploads\/2024\/06\/20220108_115606-1024x768.jpg\" width=\"600\" height=\"450\" alt=\"\" data-full-image=\"https:\/\/brotfarm.de\/wp-content\/uploads\/2024\/06\/20220108_115606-scaled.jpg\" data-light-image=\"https:\/\/brotfarm.de\/wp-content\/uploads\/2024\/06\/20220108_115606-scaled.jpg\" data-id=\"747\" class=\"wp-image-747\" srcset=\"https:\/\/brotfarm.de\/wp-content\/uploads\/2024\/06\/20220108_115606-1024x768.jpg 1024w, https:\/\/brotfarm.de\/wp-content\/uploads\/2024\/06\/20220108_115606-300x225.jpg 300w, https:\/\/brotfarm.de\/wp-content\/uploads\/2024\/06\/20220108_115606-768x576.jpg 768w, https:\/\/brotfarm.de\/wp-content\/uploads\/2024\/06\/20220108_115606-1536x1152.jpg 1536w, https:\/\/brotfarm.de\/wp-content\/uploads\/2024\/06\/20220108_115606-2048x1536.jpg 2048w, https:\/\/brotfarm.de\/wp-content\/uploads\/2024\/06\/20220108_115606-1240x930.jpg 1240w, https:\/\/brotfarm.de\/wp-content\/uploads\/2024\/06\/20220108_115606-508x381.jpg 508w\" sizes=\"auto, (max-width: 600px) 100vw, 600px\" \/><\/div><div class=\"kadence-blocks-gallery-item__caption\">Zwei kleinere Baguettes&#8230;<\/div><\/div><\/figure><\/div><\/li><\/ul><\/div>\n\n\n<p><strong>Fertig\u2026.mmmhh &#8211; lecker!<\/strong><\/p>\n\n\n<div class=\"wp-block-image\">\n<figure class=\"aligncenter is-resized\"><a href=\"https:\/\/brotfarm.de\/?page_id=179\"><img loading=\"lazy\" decoding=\"async\" width=\"140\" height=\"100\" src=\"https:\/\/brotfarm.de\/wp-content\/uploads\/2024\/05\/Muetze-e1715334323522.jpg\" alt=\"\" class=\"wp-image-25\" style=\"width:140px;height:auto\"\/><\/a><\/figure>\n<\/div>","protected":false},"excerpt":{"rendered":"<p>Kann bequem am Vortag vorbereitet werden und darf die Nacht im K\u00fchlschrank verbringen&#8230; Die angegebenen Mengen reichen f\u00fcr ein gro\u00dfes oder zwei kleinere Baguettes! Zutaten &#8211;&nbsp;Roggenbaguette: Zubereitung &#8211;&nbsp;Roggenbaguette Am Vortag\/Vorabend: 1.&nbsp;&nbsp;&nbsp; Die beiden Mehlsorten in die R\u00fchrsch\u00fcssel geben und schon mal etwas vermischen. 2.&nbsp;&nbsp;&nbsp;&nbsp;5&nbsp;g Hefe abwiegen (darf ruhig 1 -2 g mehr sein) in einem [&hellip;]<\/p>\n","protected":false},"author":1,"featured_media":0,"parent":0,"menu_order":0,"comment_status":"closed","ping_status":"closed","template":"","meta":{"ngg_post_thumbnail":0,"footnotes":""},"class_list":["post-533","page","type-page","status-publish","hentry"],"_links":{"self":[{"href":"https:\/\/brotfarm.de\/index.php?rest_route=\/wp\/v2\/pages\/533","targetHints":{"allow":["GET"]}}],"collection":[{"href":"https:\/\/brotfarm.de\/index.php?rest_route=\/wp\/v2\/pages"}],"about":[{"href":"https:\/\/brotfarm.de\/index.php?rest_route=\/wp\/v2\/types\/page"}],"author":[{"embeddable":true,"href":"https:\/\/brotfarm.de\/index.php?rest_route=\/wp\/v2\/users\/1"}],"replies":[{"embeddable":true,"href":"https:\/\/brotfarm.de\/index.php?rest_route=%2Fwp%2Fv2%2Fcomments&post=533"}],"version-history":[{"count":7,"href":"https:\/\/brotfarm.de\/index.php?rest_route=\/wp\/v2\/pages\/533\/revisions"}],"predecessor-version":[{"id":1030,"href":"https:\/\/brotfarm.de\/index.php?rest_route=\/wp\/v2\/pages\/533\/revisions\/1030"}],"wp:attachment":[{"href":"https:\/\/brotfarm.de\/index.php?rest_route=%2Fwp%2Fv2%2Fmedia&parent=533"}],"curies":[{"name":"wp","href":"https:\/\/api.w.org\/{rel}","templated":true}]}}